{"id":952,"date":"2015-06-08T09:08:08","date_gmt":"2015-06-08T09:08:08","guid":{"rendered":"http:\/\/www.innomatiques.com\/seo\/?page_id=952"},"modified":"2025-05-22T15:39:08","modified_gmt":"2025-05-22T14:39:08","slug":"nous-joindre","status":"publish","type":"page","link":"https:\/\/www.innomatiques.com\/seo\/nous-joindre\/","title":{"rendered":"Nous joindre"},"content":{"rendered":"<div class=\"row  padding-top-60 padding-bottom-60\" ><div class=\"cherry-box   box-999\"><div class=\"inner\"><div class=\"container\"><div class=\"row row-edge\">\n<div class=\"col-md-12\">\n<div class=\"row row-edge  \" >\n<div class=\"col-xs-12 col-sm-3 col-md-4  motopress-margin-top-20 motopress-margin-bottom-20\">\n<div class=\"motopress-code-obj\">\n<div class=\"cherry-dropcap   align-left dropcap-198\"><span class=\"fa fa-home cherry-icon   icon-579\"><\/span><\/div><div class=\"cherry-box   box-480\"><div class=\"inner\">\n<h5><span style=\"color: #ffffff;\">Bureau<\/span><\/h5>\n<p><span style=\"color: #ffffff;\">4422A Rue Louis-B.-Mayer<br \/>Laval, Qu\u00e9bec<br \/>H7P 0G1<\/span><\/p>\n<\/div><\/div>\n<\/div>\n<\/div>\n<div class=\"col-xs-12 col-sm-3 col-md-4  motopress-margin-top-20 motopress-margin-bottom-20\">\n<div class=\"motopress-code-obj\">\n<div class=\"cherry-dropcap   align-left dropcap-269\"><span class=\"fa fa-phone cherry-icon   icon-421\"><\/span><\/div><div class=\"cherry-box   box-866\"><div class=\"inner\">\n<h5><span style=\"color: #ffffff;\">Coordonn\u00e9es<\/span><\/h5>\n<p><span style=\"color: #ffffff;\">1 (877) 897-4573<\/span><br \/>\n<span style=\"color: #ffffff;\">(450) 312-6202<\/span><br \/>\n<span style=\"color: #ffffff;\">(514) 316-7802<\/span><br \/>\n<span style=\"color: #ffffff;\"><a style=\"color: #ffffff;\" href=\"mailto:info@innomatiques.com\">info@innomatiques.com<\/a><\/span><\/p>\n<\/div><\/div>\n<\/div>\n<\/div>\n<div class=\"col-xs-12 col-sm-3 col-md-4  motopress-margin-top-20 motopress-margin-bottom-20\">\n<div class=\"motopress-code-obj\">\n<div class=\"cherry-dropcap   align-left dropcap-728\"><span class=\"fa fa-clock-o cherry-icon   icon-761\"><\/span><\/div><div class=\"cherry-box   box-941\"><div class=\"inner\">\n<h5><span style=\"color: #ffffff;\">Heures d&#8217;affaires<\/span><\/h5>\n<p><span style=\"color: #ffffff;\">Lundi \u2013 Vendredi<br \/>\n9 AM \u2013 5 PM<\/span><\/p>\n<\/div><\/div>\n<\/div>\n<\/div>\n<\/div>\n<\/div>\n<\/div><\/div><\/div><\/div><\/div>\n<div class=\"row row-edge  \" >\n<div class=\"col-md-12\">\n<div class=\"cherry-spacer  \" style=\"height:80px;\"><\/div>\n<\/div>\n<\/div>\n<div class=\"row  \" ><div class=\"container\"><div class=\"row row-edge\">\n<div class=\"col-md-12\">\n<div class=\"motopress-text-obj\">\n<h5 style=\"text-align: center;\"><span style=\"color: #4eb7fe;\">Vous avez des questions? Vous pouvez utiliser notre formulaire rapide.<\/span><\/h5>\n<h2 style=\"text-align: center;\">Prenez contact avec nous<\/h2>\n<\/div>\n<\/div>\n<\/div><\/div><\/div>\n<div class=\"row row-edge  \" >\n<div class=\"col-md-12\">\n<div class=\"cherry-spacer  \" style=\"height:30px;\"><\/div>\n<\/div>\n<\/div>\n<div class=\"row  \" ><div class=\"container\"><div class=\"row row-edge\">\n<div class=\"col-md-12\">\n<div class=\"motopress-code-obj\">\n\n<div class=\"wpcf7 no-js\" id=\"wpcf7-f1014-o1\" lang=\"en-US\" dir=\"ltr\" data-wpcf7-id=\"1014\">\n<div class=\"screen-reader-response\"><p role=\"status\" aria-live=\"polite\" aria-atomic=\"true\"><\/p> <ul><\/ul><\/div>\n<form action=\"\/seo\/wp-json\/wp\/v2\/pages\/952#wpcf7-f1014-o1\" method=\"post\" class=\"wpcf7-form init\" aria-label=\"Contact form\" novalidate=\"novalidate\" data-status=\"init\">\n<fieldset class=\"hidden-fields-container\"><input type=\"hidden\" name=\"_wpcf7\" value=\"1014\" \/><input type=\"hidden\" name=\"_wpcf7_version\" value=\"6.1.5\" \/><input type=\"hidden\" name=\"_wpcf7_locale\" value=\"en_US\" \/><input type=\"hidden\" name=\"_wpcf7_unit_tag\" value=\"wpcf7-f1014-o1\" \/><input type=\"hidden\" name=\"_wpcf7_container_post\" value=\"0\" \/><input type=\"hidden\" name=\"_wpcf7_posted_data_hash\" value=\"\" \/><input type=\"hidden\" name=\"_wpcf7_recaptcha_response\" value=\"\" \/>\n<\/fieldset>\n<div class=\"row\">\n\t<div class=\"col-xs-12 col-sm-12 col-md-4 col-lg-4\">\n\t\t<p><span class=\"wpcf7-form-control-wrap\" data-name=\"your-name\"><input size=\"40\" maxlength=\"400\" class=\"wpcf7-form-control wpcf7-text wpcf7-validates-as-required\" aria-required=\"true\" aria-invalid=\"false\" placeholder=\"Nom: *\" value=\"\" type=\"text\" name=\"your-name\" \/><\/span>\n\t\t<\/p>\n\t<\/div>\n\t<div class=\"col-xs-12 col-sm-12 col-md-4 col-lg-4\">\n\t\t<p><span class=\"wpcf7-form-control-wrap\" data-name=\"your-phone\"><input size=\"40\" maxlength=\"400\" class=\"wpcf7-form-control wpcf7-text wpcf7-validates-as-required\" aria-required=\"true\" aria-invalid=\"false\" placeholder=\"T\u00e9l\u00e9phone: *\" value=\"\" type=\"text\" name=\"your-phone\" \/><\/span>\n\t\t<\/p>\n\t<\/div>\n\t<div class=\"col-xs-12 col-sm-12 col-md-4 col-lg-4\">\n\t\t<p><span class=\"wpcf7-form-control-wrap\" data-name=\"your-email\"><input size=\"40\" maxlength=\"400\" class=\"wpcf7-form-control wpcf7-email wpcf7-validates-as-required wpcf7-text wpcf7-validates-as-email\" aria-required=\"true\" aria-invalid=\"false\" placeholder=\"Courriel: *\" value=\"\" type=\"email\" name=\"your-email\" \/><\/span>\n\t\t<\/p>\n\t<\/div>\n<\/div>\n<div class=\"cherry-spacer \" style=\"height:20px;\">\n<\/div>\n<p>J'aimerais obtenir plus d'informations sur le(s) service(s) suivant(s) : <span class=\"wpcf7-form-control-wrap\" data-name=\"services\"><select class=\"wpcf7-form-control wpcf7-select wpcf7-validates-as-required\" aria-required=\"true\" aria-invalid=\"false\" multiple=\"multiple\" name=\"services[]\"><option value=\"Optimisation site Web\">Optimisation site Web<\/option><option value=\"R\u00e9f\u00e9rencement Web\">R\u00e9f\u00e9rencement Web<\/option><option value=\"Cr\u00e9ation site Web\">Cr\u00e9ation site Web<\/option><option value=\"Num\u00e9ro sans frais\">Num\u00e9ro sans frais<\/option><option value=\"Autre\">Autre<\/option><\/select><\/span>\n<\/p>\n<div class=\"cherry-spacer \" style=\"height:10px\">\n<\/div>\n<p><span class=\"wpcf7-form-control-wrap\" data-name=\"your-message\"><textarea cols=\"40\" rows=\"10\" maxlength=\"2000\" class=\"wpcf7-form-control wpcf7-textarea wpcf7-validates-as-required\" aria-required=\"true\" aria-invalid=\"false\" placeholder=\"Message: *\" name=\"your-message\"><\/textarea><\/span>\n<\/p>\n<div class=\"align-center\">\n\t<center>\n\t\n\t<\/center>\n\t<p><input class=\"wpcf7-form-control wpcf7-submit has-spinner cherry-btn cherry-btn-info cherry-btn-medium\" type=\"submit\" value=\"ENVOYEZ\" \/>\n\t<\/p>\n<\/div><div class=\"wpcf7-response-output\" aria-hidden=\"true\"><\/div>\n<\/form>\n<\/div>\n\n<\/div>\n<\/div>\n<\/div><\/div><\/div>\n<div class=\"row row-edge  \" >\n<div class=\"col-md-12\">\n<div class=\"cherry-spacer  \" style=\"height:80px;\"><\/div>\n<\/div>\n<\/div>\n<div class=\"row  \" ><div class=\"container\"><div class=\"row row-edge\">\n<div class=\"col-md-12\">\n<div class=\"motopress-text-obj\">\n<h5 style=\"text-align: center;\">Suivez-nous!<\/h5>\n<h2 style=\"text-align: center;\">En visitant nos r\u00e9seaux sociaux<\/h2>\n<\/div>\n<\/div>\n<\/div><\/div><\/div>\n<div class=\"row row-edge  \" >\n<div class=\"col-md-12\">\n<div class=\"cherry-spacer  \" style=\"height:30px;\"><\/div>\n<\/div>\n<\/div>\n<div class=\"row row-edge  \" >\n<div class=\"col-md-12\">\n<div id='cherry-follow-items-1' class='cherry-follow_wrap '><ul class='cherry-follow_list clearfix'><li class=\"cherry-follow_item facebook-item\"><a class=\"cherry-follow_link\" href=\"https:\/\/www.facebook.com\/innomatiques\/\" target=\"_blank\" rel=\"nofollow\" title=\"Facebook\"><i class='fa fa-facebook'><\/i><span class=\"cherry-follow_label\">Facebook<\/span><\/a><\/li><li class=\"cherry-follow_item twitter-item\"><a class=\"cherry-follow_link\" href=\"https:\/\/twitter.com\/innomatiques\" target=\"_blank\" rel=\"nofollow\" title=\"Twitter\"><i class='fa fa-twitter'><\/i><span class=\"cherry-follow_label\">Twitter<\/span><\/a><\/li><li class=\"cherry-follow_item linkedin-item\"><a class=\"cherry-follow_link\" href=\"https:\/\/ca.linkedin.com\/in\/innomatiques\" target=\"_blank\" rel=\"nofollow\" title=\"LinkedIn\"><i class='fa fa-linkedin'><\/i><span class=\"cherry-follow_label\">LinkedIn<\/span><\/a><\/li><\/ul><\/div>\n<\/div>\n<\/div>\n<div class=\"row row-edge  \" >\n<div class=\"col-md-12\">\n<div class=\"cherry-spacer  \" style=\"height:40px;\"><\/div>\n<\/div>\n<\/div>\n","protected":false},"excerpt":{"rendered":"","protected":false},"author":1,"featured_media":0,"parent":0,"menu_order":0,"comment_status":"open","ping_status":"open","template":"","meta":{"yasr_overall_rating":0,"yasr_post_is_review":"","yasr_auto_insert_disabled":"","yasr_review_type":"","footnotes":""},"class_list":["post-952","page","type-page","status-publish","hentry"],"yoast_head":"<!-- This site is optimized with the Yoast SEO plugin v27.3 - https:\/\/yoast.com\/product\/yoast-seo-wordpress\/ -->\n<title>Agence Web &amp; Publicit\u00e9s Internet Innomatiques Inc. Laval - Nous joindre<\/title>\n<meta name=\"description\" content=\"Innomatiques est votre sp\u00e9cialiste en marketing Internet, partout au Qu\u00e9bec. Notre bureau est situ\u00e9 au 4422A Rue Louis-B.-Mayer Laval, Qu\u00e9bec H7P 0G1.\" \/>\n<meta name=\"robots\" content=\"index, follow, max-snippet:-1, max-image-preview:large, max-video-preview:-1\" \/>\n<link rel=\"canonical\" href=\"https:\/\/www.innomatiques.com\/seo\/nous-joindre\/\" \/>\n<meta property=\"og:locale\" content=\"fr_FR\" \/>\n<meta property=\"og:type\" content=\"article\" \/>\n<meta property=\"og:title\" content=\"Agence Web &amp; Publicit\u00e9s Internet Innomatiques Inc. Laval - Nous joindre\" \/>\n<meta property=\"og:description\" content=\"Innomatiques est votre sp\u00e9cialiste en marketing Internet, partout au Qu\u00e9bec. Notre bureau est situ\u00e9 au 4422A Rue Louis-B.-Mayer Laval, Qu\u00e9bec H7P 0G1.\" \/>\n<meta property=\"og:url\" content=\"https:\/\/www.innomatiques.com\/seo\/nous-joindre\/\" \/>\n<meta property=\"og:site_name\" content=\"Innomatiques Agence Web\" \/>\n<meta property=\"article:modified_time\" content=\"2025-05-22T14:39:08+00:00\" \/>\n<meta property=\"og:image\" content=\"https:\/\/www.innomatiques.com\/seo\/wp-content\/uploads\/2016\/05\/facebook-2-1.jpg\" \/>\n\t<meta property=\"og:image:width\" content=\"1200\" \/>\n\t<meta property=\"og:image:height\" content=\"628\" \/>\n\t<meta property=\"og:image:type\" content=\"image\/jpeg\" \/>\n<meta name=\"twitter:card\" content=\"summary_large_image\" \/>\n<meta name=\"twitter:label1\" content=\"Dur\u00e9e de lecture estim\u00e9e\" \/>\n\t<meta name=\"twitter:data1\" content=\"2 minutes\" \/>\n<script type=\"application\/ld+json\" class=\"yoast-schema-graph\">{\"@context\":\"https:\\\/\\\/schema.org\",\"@graph\":[{\"@type\":\"WebPage\",\"@id\":\"https:\\\/\\\/www.innomatiques.com\\\/seo\\\/nous-joindre\\\/\",\"url\":\"https:\\\/\\\/www.innomatiques.com\\\/seo\\\/nous-joindre\\\/\",\"name\":\"Agence Web & Publicit\u00e9s Internet Innomatiques Inc. Laval - Nous joindre\",\"isPartOf\":{\"@id\":\"https:\\\/\\\/www.innomatiques.com\\\/seo\\\/#website\"},\"datePublished\":\"2015-06-08T09:08:08+00:00\",\"dateModified\":\"2025-05-22T14:39:08+00:00\",\"description\":\"Innomatiques est votre sp\u00e9cialiste en marketing Internet, partout au Qu\u00e9bec. Notre bureau est situ\u00e9 au 4422A Rue Louis-B.-Mayer Laval, Qu\u00e9bec H7P 0G1.\",\"breadcrumb\":{\"@id\":\"https:\\\/\\\/www.innomatiques.com\\\/seo\\\/nous-joindre\\\/#breadcrumb\"},\"inLanguage\":\"fr-FR\",\"potentialAction\":[{\"@type\":\"ReadAction\",\"target\":[\"https:\\\/\\\/www.innomatiques.com\\\/seo\\\/nous-joindre\\\/\"]}]},{\"@type\":\"BreadcrumbList\",\"@id\":\"https:\\\/\\\/www.innomatiques.com\\\/seo\\\/nous-joindre\\\/#breadcrumb\",\"itemListElement\":[{\"@type\":\"ListItem\",\"position\":1,\"name\":\"Accueil\",\"item\":\"https:\\\/\\\/www.innomatiques.com\\\/seo\\\/\"},{\"@type\":\"ListItem\",\"position\":2,\"name\":\"Nous joindre\"}]},{\"@type\":\"WebSite\",\"@id\":\"https:\\\/\\\/www.innomatiques.com\\\/seo\\\/#website\",\"url\":\"https:\\\/\\\/www.innomatiques.com\\\/seo\\\/\",\"name\":\"Innomatiques Agence Web\",\"description\":\"\",\"potentialAction\":[{\"@type\":\"SearchAction\",\"target\":{\"@type\":\"EntryPoint\",\"urlTemplate\":\"https:\\\/\\\/www.innomatiques.com\\\/seo\\\/?s={search_term_string}\"},\"query-input\":{\"@type\":\"PropertyValueSpecification\",\"valueRequired\":true,\"valueName\":\"search_term_string\"}}],\"inLanguage\":\"fr-FR\"},false]}<\/script>\n<!-- \/ Yoast SEO plugin. -->","yoast_head_json":{"title":"Agence Web & Publicit\u00e9s Internet Innomatiques Inc. Laval - Nous joindre","description":"Innomatiques est votre sp\u00e9cialiste en marketing Internet, partout au Qu\u00e9bec. Notre bureau est situ\u00e9 au 4422A Rue Louis-B.-Mayer Laval, Qu\u00e9bec H7P 0G1.","robots":{"index":"index","follow":"follow","max-snippet":"max-snippet:-1","max-image-preview":"max-image-preview:large","max-video-preview":"max-video-preview:-1"},"canonical":"https:\/\/www.innomatiques.com\/seo\/nous-joindre\/","og_locale":"fr_FR","og_type":"article","og_title":"Agence Web & Publicit\u00e9s Internet Innomatiques Inc. Laval - Nous joindre","og_description":"Innomatiques est votre sp\u00e9cialiste en marketing Internet, partout au Qu\u00e9bec. Notre bureau est situ\u00e9 au 4422A Rue Louis-B.-Mayer Laval, Qu\u00e9bec H7P 0G1.","og_url":"https:\/\/www.innomatiques.com\/seo\/nous-joindre\/","og_site_name":"Innomatiques Agence Web","article_modified_time":"2025-05-22T14:39:08+00:00","og_image":[{"width":1200,"height":628,"url":"https:\/\/www.innomatiques.com\/seo\/wp-content\/uploads\/2016\/05\/facebook-2-1.jpg","type":"image\/jpeg"}],"twitter_card":"summary_large_image","twitter_misc":{"Dur\u00e9e de lecture estim\u00e9e":"2 minutes"},"schema":{"@context":"https:\/\/schema.org","@graph":[{"@type":"WebPage","@id":"https:\/\/www.innomatiques.com\/seo\/nous-joindre\/","url":"https:\/\/www.innomatiques.com\/seo\/nous-joindre\/","name":"Agence Web & Publicit\u00e9s Internet Innomatiques Inc. Laval - Nous joindre","isPartOf":{"@id":"https:\/\/www.innomatiques.com\/seo\/#website"},"datePublished":"2015-06-08T09:08:08+00:00","dateModified":"2025-05-22T14:39:08+00:00","description":"Innomatiques est votre sp\u00e9cialiste en marketing Internet, partout au Qu\u00e9bec. Notre bureau est situ\u00e9 au 4422A Rue Louis-B.-Mayer Laval, Qu\u00e9bec H7P 0G1.","breadcrumb":{"@id":"https:\/\/www.innomatiques.com\/seo\/nous-joindre\/#breadcrumb"},"inLanguage":"fr-FR","potentialAction":[{"@type":"ReadAction","target":["https:\/\/www.innomatiques.com\/seo\/nous-joindre\/"]}]},{"@type":"BreadcrumbList","@id":"https:\/\/www.innomatiques.com\/seo\/nous-joindre\/#breadcrumb","itemListElement":[{"@type":"ListItem","position":1,"name":"Accueil","item":"https:\/\/www.innomatiques.com\/seo\/"},{"@type":"ListItem","position":2,"name":"Nous joindre"}]},{"@type":"WebSite","@id":"https:\/\/www.innomatiques.com\/seo\/#website","url":"https:\/\/www.innomatiques.com\/seo\/","name":"Innomatiques Agence Web","description":"","potentialAction":[{"@type":"SearchAction","target":{"@type":"EntryPoint","urlTemplate":"https:\/\/www.innomatiques.com\/seo\/?s={search_term_string}"},"query-input":{"@type":"PropertyValueSpecification","valueRequired":true,"valueName":"search_term_string"}}],"inLanguage":"fr-FR"},false]}},"yasr_visitor_votes":{"stars_attributes":{"read_only":false,"span_bottom":false},"number_of_votes":0,"sum_votes":0},"_links":{"self":[{"href":"https:\/\/www.innomatiques.com\/seo\/wp-json\/wp\/v2\/pages\/952","targetHints":{"allow":["GET"]}}],"collection":[{"href":"https:\/\/www.innomatiques.com\/seo\/wp-json\/wp\/v2\/pages"}],"about":[{"href":"https:\/\/www.innomatiques.com\/seo\/wp-json\/wp\/v2\/types\/page"}],"author":[{"embeddable":true,"href":"https:\/\/www.innomatiques.com\/seo\/wp-json\/wp\/v2\/users\/1"}],"replies":[{"embeddable":true,"href":"https:\/\/www.innomatiques.com\/seo\/wp-json\/wp\/v2\/comments?post=952"}],"version-history":[{"count":20,"href":"https:\/\/www.innomatiques.com\/seo\/wp-json\/wp\/v2\/pages\/952\/revisions"}],"predecessor-version":[{"id":5556,"href":"https:\/\/www.innomatiques.com\/seo\/wp-json\/wp\/v2\/pages\/952\/revisions\/5556"}],"wp:attachment":[{"href":"https:\/\/www.innomatiques.com\/seo\/wp-json\/wp\/v2\/media?parent=952"}],"curies":[{"name":"wp","href":"https:\/\/api.w.org\/{rel}","templated":true}]}}