{"id":5126,"date":"2017-11-28T17:16:26","date_gmt":"2017-11-28T16:16:26","guid":{"rendered":"https:\/\/www.innomatiques.com\/seo\/?page_id=5126"},"modified":"2023-07-18T21:45:32","modified_gmt":"2023-07-18T20:45:32","slug":"marketing-web-montreal-laval","status":"publish","type":"page","link":"https:\/\/www.innomatiques.com\/seo\/marketing-web-montreal-laval\/","title":{"rendered":"Agence Marketing Web"},"content":{"rendered":"<div class=\"row row-edge  \" >\n<div class=\"col-md-12\">\n<div class=\"cherry-spacer  \" style=\"height:80px;\"><\/div>\n<\/div>\n<\/div>\n<div class=\"row  \" ><div class=\"container\"><div class=\"row row-edge\">\n<div class=\"col-md-12\">\n<div class=\"motopress-text-obj\">\n<h5 style=\"text-align: center;\"><span style=\"color: #4eb7fe;\">Maximisez vos conversions<\/span><\/h5>\n<h2 style=\"text-align: center;\">Avec une strat\u00e9gie de Marketing Web<\/h2>\n<p style=\"text-align: center;\">Maximisez les conversions \u00e0 partir d&#8217;un site Web optimis\u00e9 et de connivence avec vos publicit\u00e9s en ligne. De plus, soyez plus pr\u00e9cis en ciblant les clients potentiels qui ont d\u00e9montr\u00e9es un int\u00e9r\u00eat pour vos produits ou vos services. C\u2019est possible en optant pour une strat\u00e9gie de Remarketing. Nous utilisons Google, Facebook et Instagram pour cibler ou recibler vos clients potentiels. Par cons\u00e9quent, les conversions obtenues seront plus qualifi\u00e9es et permettront d\u2019accro\u00eetre votre ROI. Notre agence a permis \u00e0 plus de 250 entreprises de la r\u00e9gion de Montr\u00e9al, de Laval et de la Rive-Nord d\u2019am\u00e9liorer leur performance sur le Web. De plus, nous offrons la pleine gestion mensuelle et l&#8217;optimisation de votre campagne publicitaire. Faites comme eux et d\u00e9butez par une \u00e9valuation gratuite!<\/p>\n<p style=\"text-align: center;\"><a href=\"https:\/\/www.google.com\/partners\/agency?id=3600024798\" target=\"_blank\" rel=\"noopener noreferrer\"><br \/>\n<img decoding=\"async\" src=\"https:\/\/www.gstatic.com\/partners\/badge\/images\/2022\/PartnerBadgeClickable.svg\" \/><br \/>\n<\/a><\/p>\n<\/div>\n<\/div>\n<\/div><\/div><\/div>\n<div class=\"cherry-spacer  \" style=\"height:50px;\"><\/div>\n<div class=\"row  padding-top-60 padding-bottom-60\" ><div class=\"cherry-box   box-504\"><div class=\"inner\"><div class=\"container\"><div class=\"row row-edge\">\n<div class=\"col-xs-12 col-sm-8 col-md-7  motopress-margin-top-20 motopress-margin-bottom-20\">\n<div class=\"motopress-text-obj\">\n<h2><span style=\"color: #ffffff;\">\u00c9valuation gratuite!<\/span><\/h2>\n<h5><span style=\"color: #ffffff;\">Demandez une \u00e9valuation gratuite afin de planifier une strat\u00e9gie de marketing Web. Il nous fera plaisir d&#8217;en discuter avec vous!<\/span><\/h5>\n<\/div>\n<\/div>\n<div class=\"col-xs-12 col-sm-4 col-md-5  motopress-margin-top-25\">\n\n<div class=\"wpcf7 no-js\" id=\"wpcf7-f5134-o1\" lang=\"en-US\" dir=\"ltr\" data-wpcf7-id=\"5134\">\n<div class=\"screen-reader-response\"><p role=\"status\" aria-live=\"polite\" aria-atomic=\"true\"><\/p> <ul><\/ul><\/div>\n<form action=\"\/seo\/wp-json\/wp\/v2\/pages\/5126#wpcf7-f5134-o1\" method=\"post\" class=\"wpcf7-form init\" aria-label=\"Contact form\" novalidate=\"novalidate\" data-status=\"init\">\n<fieldset class=\"hidden-fields-container\"><input type=\"hidden\" name=\"_wpcf7\" value=\"5134\" \/><input type=\"hidden\" name=\"_wpcf7_version\" value=\"6.1.5\" \/><input type=\"hidden\" name=\"_wpcf7_locale\" value=\"en_US\" \/><input type=\"hidden\" name=\"_wpcf7_unit_tag\" value=\"wpcf7-f5134-o1\" \/><input type=\"hidden\" name=\"_wpcf7_container_post\" value=\"0\" \/><input type=\"hidden\" name=\"_wpcf7_posted_data_hash\" value=\"\" \/><input type=\"hidden\" name=\"_wpcf7_recaptcha_response\" value=\"\" \/>\n<\/fieldset>\n<p><span class=\"wpcf7-form-control-wrap\" data-name=\"your-name\"><input size=\"40\" maxlength=\"400\" class=\"wpcf7-form-control wpcf7-text wpcf7-validates-as-required\" aria-required=\"true\" aria-invalid=\"false\" placeholder=\"Nom: *\" value=\"\" type=\"text\" name=\"your-name\" \/><\/span><br \/>\n<span class=\"wpcf7-form-control-wrap\" data-name=\"your-phone\"><input size=\"40\" maxlength=\"400\" class=\"wpcf7-form-control wpcf7-text wpcf7-validates-as-required\" aria-required=\"true\" aria-invalid=\"false\" placeholder=\"T\u00e9l\u00e9phone: *\" value=\"\" type=\"text\" name=\"your-phone\" \/><\/span><br \/>\n<span class=\"wpcf7-form-control-wrap\" data-name=\"your-email\"><input size=\"40\" maxlength=\"400\" class=\"wpcf7-form-control wpcf7-email wpcf7-validates-as-required wpcf7-text wpcf7-validates-as-email\" aria-required=\"true\" aria-invalid=\"false\" placeholder=\"Courriel: *\" value=\"\" type=\"email\" name=\"your-email\" \/><\/span><br \/>\n<span class=\"wpcf7-form-control-wrap\" data-name=\"AdresseWeb\"><input size=\"40\" maxlength=\"400\" class=\"wpcf7-form-control wpcf7-url wpcf7-text wpcf7-validates-as-url\" aria-invalid=\"false\" placeholder=\"Adresse Web:\" value=\"\" type=\"url\" name=\"AdresseWeb\" \/><\/span><br \/>\n<input class=\"wpcf7-form-control wpcf7-submit has-spinner cherry-btn cherry-btn-info cherry-btn-medium\" type=\"submit\" value=\"ENVOYER\" \/>\n<\/p><div class=\"wpcf7-response-output\" aria-hidden=\"true\"><\/div>\n<\/form>\n<\/div>\n\n<\/div>\n<\/div><\/div><\/div><\/div><\/div>\n<div class=\"row row-edge  \" >\n<div class=\"col-md-12\">\n<\/div>\n<\/div>\n<div class=\"row  padding-top-60 padding-bottom-60\" ><div class=\"cherry-box   box-947\"><div class=\"inner\"><div class=\"container\"><div class=\"row row-edge\">\n<div class=\"col-xs-12 col-sm-12 col-md-4  motopress-margin-top-20 motopress-margin-bottom-20\">\n<div class=\"row row-edge  \" >\n<div class=\"col-md-12\">\n<div class=\"motopress-text-obj\">\n<h5><span style=\"color: #4eb7fe;\">Sites qui se d\u00e9marquent<\/span><\/h5>\n<h4>Optimisation de sites Web<\/h4>\n<\/div>\n<\/div>\n<\/div>\n<div class=\"row row-edge  \" >\n<div class=\"col-md-12\">\n<div class=\"cherry-spacer  \" style=\"height:20px;\"><\/div>\n<\/div>\n<\/div>\n<div class=\"row row-edge  \" >\n<div class=\"col-md-12\">\n<div class=\"cherry-list font-icon cherry-list_2077   \">\n<ul>\n<li><span class=\"fa fa-check list-icon icon-778\"><\/span>Optimis\u00e9 pour les conversions<\/li>\n<li><span class=\"fa fa-check list-icon icon-778\"><\/span>Optimis\u00e9 pour mobiles<\/li>\n<li><span class=\"fa fa-check list-icon icon-778\"><\/span>Interaction avec les r\u00e9seaux sociaux<\/li>\n<li><span class=\"fa fa-check list-icon icon-778\"><\/span>Suivi des performances<\/li>\n<\/ul>\n<\/div>\n<\/div>\n<\/div>\n<\/div>\n<div class=\"col-xs-12 col-sm-12 col-md-4  motopress-margin-top-20 motopress-margin-bottom-20\">\n<div class=\"row row-edge  \" >\n<div class=\"col-md-12\">\n<div class=\"motopress-text-obj\">\n<h5><span style=\"color: #4eb7fe;\">Votre site en premi\u00e8re page<\/span><\/h5>\n<h4>Publicit\u00e9s Google et Facebook<\/h4>\n<\/div>\n<\/div>\n<\/div>\n<div class=\"row row-edge  \" >\n<div class=\"col-md-12\">\n<div class=\"cherry-spacer  \" style=\"height:20px;\"><\/div>\n<\/div>\n<\/div>\n<div class=\"row row-edge  \" >\n<div class=\"col-md-12\">\n<div class=\"cherry-list font-icon cherry-list_6145   \">\n<ul>\n<li><span class=\"fa fa-check list-icon icon-757\"><\/span>Visibilit\u00e9 imm\u00e9diate<\/li>\n<li><span class=\"fa fa-check list-icon icon-757\"><\/span>Forfaits mensuels<\/li>\n<li><span class=\"fa fa-check list-icon icon-757\"><\/span>Zones g\u00e9ographiques<\/li>\n<li><span class=\"fa fa-check list-icon icon-757\"><\/span>Ciblage par int\u00e9r\u00eats<\/li>\n<\/ul>\n<\/div>\n<\/div>\n<\/div>\n<\/div>\n<div class=\"col-xs-12 col-sm-12 col-md-4  motopress-margin-top-20 motopress-margin-bottom-20\">\n<div class=\"row row-edge  \" >\n<div class=\"col-md-12\">\n<div class=\"motopress-text-obj\">\n<h5><span style=\"color: #4eb7fe;\">Visibilit\u00e9 efficace<\/span><\/h5>\n<h4>Remarketing Google et Facebook<\/h4>\n<\/div>\n<\/div>\n<\/div>\n<div class=\"row row-edge  \" >\n<div class=\"col-md-12\">\n<div class=\"cherry-spacer  \" style=\"height:20px;\"><\/div>\n<\/div>\n<\/div>\n<div class=\"row row-edge  \" >\n<div class=\"col-md-12\">\n<div class=\"cherry-list font-icon cherry-list_4466   \">\n<ul>\n<li><span class=\"fa fa-check list-icon icon-848\"><\/span>Maximiser les conversions<\/li>\n<li><span class=\"fa fa-check list-icon icon-848\"><\/span>Audience pr\u00e9cise<\/li>\n<li><span class=\"fa fa-check list-icon icon-848\"><\/span>Publicit\u00e9s cibl\u00e9es<\/li>\n<li><span class=\"fa fa-check list-icon icon-848\"><\/span>Retour sur investissement<\/li>\n<\/ul>\n<\/div>\n<\/div>\n<\/div>\n<\/div>\n<\/div><\/div><\/div><\/div><\/div>\n<div class=\"row row-edge  \" >\n<div class=\"col-md-12\">\n<\/div>\n<\/div>\n<div class=\"cherry-spacer  \" style=\"height:65px;\"><\/div>\n<div class=\"row  \" ><div class=\"container\"><div class=\"row row-edge\">\n<div class=\"col-md-12\">\n<div class=\"motopress-text-obj\">\n<h5 style=\"text-align: center;\"><span style=\"color: #4eb7fe;\">Des clients qui nous ont fait confiance!<\/span><\/h5>\n<p style=\"text-align: center;\"><img decoding=\"async\" class=\"aligncenter\" src=\"http:\/\/www.innomatiques.com\/seo\/wp-content\/uploads\/2016\/05\/logos-clients4.png\" alt=\"logos-clients\" \/><\/p>\n<\/div>\n<div class=\"cherry-spacer  \" style=\"height:70px;\"><\/div>\n<\/div>\n<\/div><\/div><\/div>\n<div class=\"row row-edge  \" >\n<div class=\"col-md-12\">\n<\/div>\n<\/div>\n<div class=\"row  padding-top-60 padding-bottom-60\" ><div class=\"cherry-box   box-532\"><div class=\"inner\"><div class=\"container\"><div class=\"row row-edge\">\n<div class=\"motopress-text-obj\">\n<h5 style=\"text-align: center;\"><span style=\"color: #4eb7fe;\">Nous avons r\u00e9ponses rapides \u00e0 vos questions<br \/>\n<\/span><\/h5>\n<h2><span style=\"color: #000;\"><\/p>\n<div align=\"center\">Sans frais : <a style=\"color:#000;\" href=\"tel:+18778974573\">1-877-897-4573<\/a><\/div>\n<p><\/span><\/h2>\n<\/div>\n<\/div><\/div><\/div><\/div><\/div>\n<div class=\"row  padding-top-80 padding-bottom-20\" ><section class=\"parallax-box image-parallax-box \" style=\"min-height: 300px\"><div class=\"parallax-content\"><div class=\"container\"><div class=\"row row-edge\">\n<div class=\"col-md-12\">\n<div class=\"row row-edge  \" >\n<div class=\"col-md-12\">\n<div class=\"motopress-text-obj\">\n<h5 style=\"text-align: center;\"><span style=\"color: #ffffff;\">Suivez-nous!<br \/>\n<\/span><\/h5>\n<h2 style=\"text-align: center;\"><span style=\"color: #ffffff;\">En visitant nos r\u00e9seaux sociaux<\/span><\/h2>\n<\/div>\n<\/div>\n<\/div>\n<div class=\"row row-edge  \" >\n<div class=\"col-md-12\">\n<div class=\"cherry-spacer  \" style=\"height:30px;\"><\/div>\n<\/div>\n<\/div>\n<div class=\"row row-edge  \" >\n<div class=\"col-md-12\">\n<div id='cherry-follow-items-1' class='cherry-follow_wrap '><ul class='cherry-follow_list clearfix'><li class=\"cherry-follow_item facebook-item\"><a class=\"cherry-follow_link\" href=\"https:\/\/www.facebook.com\/innomatiques\/\" target=\"_blank\" rel=\"nofollow\" title=\"Facebook\"><i class='fa fa-facebook'><\/i><span class=\"cherry-follow_label\">Facebook<\/span><\/a><\/li><li class=\"cherry-follow_item twitter-item\"><a class=\"cherry-follow_link\" href=\"https:\/\/twitter.com\/innomatiques\" target=\"_blank\" rel=\"nofollow\" title=\"Twitter\"><i class='fa fa-twitter'><\/i><span class=\"cherry-follow_label\">Twitter<\/span><\/a><\/li><li class=\"cherry-follow_item linkedin-item\"><a class=\"cherry-follow_link\" href=\"https:\/\/ca.linkedin.com\/in\/innomatiques\" target=\"_blank\" rel=\"nofollow\" title=\"LinkedIn\"><i class='fa fa-linkedin'><\/i><span class=\"cherry-follow_label\">LinkedIn<\/span><\/a><\/li><\/ul><\/div>\n<\/div>\n<\/div>\n<\/div>\n<\/div><\/div><div class=\"clear\"><\/div><\/div><div class=\"parallax-bg\" data-parallax-type=\"image\" data-img-url=\"http:\/\/www.innomatiques.com\/seo\/wp-content\/uploads\/2015\/09\/home-landing-6.jpg\" data-speed=\"1.5\" data-invert=\"\" ><\/div><\/section><\/div>\n","protected":false},"excerpt":{"rendered":"","protected":false},"author":1,"featured_media":1083,"parent":0,"menu_order":0,"comment_status":"closed","ping_status":"closed","template":"","meta":{"yasr_overall_rating":5,"yasr_post_is_review":"","yasr_auto_insert_disabled":"","yasr_review_type":"","footnotes":""},"class_list":["post-5126","page","type-page","status-publish","has-post-thumbnail","hentry"],"yoast_head":"<!-- This site is optimized with the Yoast SEO plugin v27.5 - https:\/\/yoast.com\/product\/yoast-seo-wordpress\/ -->\n<title>Agence Marketing Web Laval, Publicit\u00e9 Google Ads \u2013 Innomatiques<\/title>\n<meta name=\"description\" content=\"Demandez une \u00e9valuation gratuite afin de planifier une strat\u00e9gie de marketing Web afin de maximiser les conversions. Partenaire publicit\u00e9s Google Ads Laval.\" \/>\n<meta name=\"robots\" content=\"index, follow, max-snippet:-1, max-image-preview:large, max-video-preview:-1\" \/>\n<link rel=\"canonical\" href=\"https:\/\/www.innomatiques.com\/seo\/marketing-web-montreal-laval\/\" \/>\n<meta property=\"og:locale\" content=\"fr_FR\" \/>\n<meta property=\"og:type\" content=\"article\" \/>\n<meta property=\"og:title\" content=\"Agence Marketing Web Partenaire Google\" \/>\n<meta property=\"og:description\" content=\"Prenez contact avec l&#039;un de nos conseill\u00e9s en marketing Web pour vos strat\u00e9gies de publicit\u00e9s en ligne.\" \/>\n<meta property=\"og:url\" content=\"https:\/\/www.innomatiques.com\/seo\/marketing-web-montreal-laval\/\" \/>\n<meta property=\"og:site_name\" content=\"Innomatiques Agence Web\" \/>\n<meta property=\"article:modified_time\" content=\"2023-07-18T20:45:32+00:00\" \/>\n<meta property=\"og:image\" content=\"https:\/\/www.innomatiques.com\/seo\/wp-content\/uploads\/2018\/01\/marketing-web-innomatiques-montreal-laval.jpg\" \/>\n\t<meta property=\"og:image:width\" content=\"476\" \/>\n\t<meta property=\"og:image:height\" content=\"714\" \/>\n\t<meta property=\"og:image:type\" content=\"image\/jpeg\" \/>\n<meta name=\"twitter:card\" content=\"summary_large_image\" \/>\n<meta name=\"twitter:label1\" content=\"Dur\u00e9e de lecture estim\u00e9e\" \/>\n\t<meta name=\"twitter:data1\" content=\"3 minutes\" \/>\n<script type=\"application\/ld+json\" class=\"yoast-schema-graph\">{\"@context\":\"https:\\\/\\\/schema.org\",\"@graph\":[{\"@type\":\"WebPage\",\"@id\":\"https:\\\/\\\/www.innomatiques.com\\\/seo\\\/marketing-web-montreal-laval\\\/\",\"url\":\"https:\\\/\\\/www.innomatiques.com\\\/seo\\\/marketing-web-montreal-laval\\\/\",\"name\":\"Agence Marketing Web Laval, Publicit\u00e9 Google Ads \u2013 Innomatiques\",\"isPartOf\":{\"@id\":\"https:\\\/\\\/www.innomatiques.com\\\/seo\\\/#website\"},\"primaryImageOfPage\":{\"@id\":\"https:\\\/\\\/www.innomatiques.com\\\/seo\\\/marketing-web-montreal-laval\\\/#primaryimage\"},\"image\":{\"@id\":\"https:\\\/\\\/www.innomatiques.com\\\/seo\\\/marketing-web-montreal-laval\\\/#primaryimage\"},\"thumbnailUrl\":\"https:\\\/\\\/www.innomatiques.com\\\/seo\\\/wp-content\\\/uploads\\\/2015\\\/08\\\/about-us-bg.jpg\",\"datePublished\":\"2017-11-28T16:16:26+00:00\",\"dateModified\":\"2023-07-18T20:45:32+00:00\",\"description\":\"Demandez une \u00e9valuation gratuite afin de planifier une strat\u00e9gie de marketing Web afin de maximiser les conversions. Partenaire publicit\u00e9s Google Ads Laval.\",\"breadcrumb\":{\"@id\":\"https:\\\/\\\/www.innomatiques.com\\\/seo\\\/marketing-web-montreal-laval\\\/#breadcrumb\"},\"inLanguage\":\"fr-FR\",\"potentialAction\":[{\"@type\":\"ReadAction\",\"target\":[\"https:\\\/\\\/www.innomatiques.com\\\/seo\\\/marketing-web-montreal-laval\\\/\"]}]},{\"@type\":\"ImageObject\",\"inLanguage\":\"fr-FR\",\"@id\":\"https:\\\/\\\/www.innomatiques.com\\\/seo\\\/marketing-web-montreal-laval\\\/#primaryimage\",\"url\":\"https:\\\/\\\/www.innomatiques.com\\\/seo\\\/wp-content\\\/uploads\\\/2015\\\/08\\\/about-us-bg.jpg\",\"contentUrl\":\"https:\\\/\\\/www.innomatiques.com\\\/seo\\\/wp-content\\\/uploads\\\/2015\\\/08\\\/about-us-bg.jpg\",\"width\":2048,\"height\":465},{\"@type\":\"BreadcrumbList\",\"@id\":\"https:\\\/\\\/www.innomatiques.com\\\/seo\\\/marketing-web-montreal-laval\\\/#breadcrumb\",\"itemListElement\":[{\"@type\":\"ListItem\",\"position\":1,\"name\":\"Accueil\",\"item\":\"https:\\\/\\\/www.innomatiques.com\\\/seo\\\/\"},{\"@type\":\"ListItem\",\"position\":2,\"name\":\"Agence Marketing Web\"}]},{\"@type\":\"WebSite\",\"@id\":\"https:\\\/\\\/www.innomatiques.com\\\/seo\\\/#website\",\"url\":\"https:\\\/\\\/www.innomatiques.com\\\/seo\\\/\",\"name\":\"Innomatiques Agence Web\",\"description\":\"\",\"potentialAction\":[{\"@type\":\"SearchAction\",\"target\":{\"@type\":\"EntryPoint\",\"urlTemplate\":\"https:\\\/\\\/www.innomatiques.com\\\/seo\\\/?s={search_term_string}\"},\"query-input\":{\"@type\":\"PropertyValueSpecification\",\"valueRequired\":true,\"valueName\":\"search_term_string\"}}],\"inLanguage\":\"fr-FR\"},false]}<\/script>\n<!-- \/ Yoast SEO plugin. -->","yoast_head_json":{"title":"Agence Marketing Web Laval, Publicit\u00e9 Google Ads \u2013 Innomatiques","description":"Demandez une \u00e9valuation gratuite afin de planifier une strat\u00e9gie de marketing Web afin de maximiser les conversions. Partenaire publicit\u00e9s Google Ads Laval.","robots":{"index":"index","follow":"follow","max-snippet":"max-snippet:-1","max-image-preview":"max-image-preview:large","max-video-preview":"max-video-preview:-1"},"canonical":"https:\/\/www.innomatiques.com\/seo\/marketing-web-montreal-laval\/","og_locale":"fr_FR","og_type":"article","og_title":"Agence Marketing Web Partenaire Google","og_description":"Prenez contact avec l'un de nos conseill\u00e9s en marketing Web pour vos strat\u00e9gies de publicit\u00e9s en ligne.","og_url":"https:\/\/www.innomatiques.com\/seo\/marketing-web-montreal-laval\/","og_site_name":"Innomatiques Agence Web","article_modified_time":"2023-07-18T20:45:32+00:00","og_image":[{"width":476,"height":714,"url":"https:\/\/www.innomatiques.com\/seo\/wp-content\/uploads\/2018\/01\/marketing-web-innomatiques-montreal-laval.jpg","type":"image\/jpeg"}],"twitter_card":"summary_large_image","twitter_misc":{"Dur\u00e9e de lecture estim\u00e9e":"3 minutes"},"schema":{"@context":"https:\/\/schema.org","@graph":[{"@type":"WebPage","@id":"https:\/\/www.innomatiques.com\/seo\/marketing-web-montreal-laval\/","url":"https:\/\/www.innomatiques.com\/seo\/marketing-web-montreal-laval\/","name":"Agence Marketing Web Laval, Publicit\u00e9 Google Ads \u2013 Innomatiques","isPartOf":{"@id":"https:\/\/www.innomatiques.com\/seo\/#website"},"primaryImageOfPage":{"@id":"https:\/\/www.innomatiques.com\/seo\/marketing-web-montreal-laval\/#primaryimage"},"image":{"@id":"https:\/\/www.innomatiques.com\/seo\/marketing-web-montreal-laval\/#primaryimage"},"thumbnailUrl":"https:\/\/www.innomatiques.com\/seo\/wp-content\/uploads\/2015\/08\/about-us-bg.jpg","datePublished":"2017-11-28T16:16:26+00:00","dateModified":"2023-07-18T20:45:32+00:00","description":"Demandez une \u00e9valuation gratuite afin de planifier une strat\u00e9gie de marketing Web afin de maximiser les conversions. Partenaire publicit\u00e9s Google Ads Laval.","breadcrumb":{"@id":"https:\/\/www.innomatiques.com\/seo\/marketing-web-montreal-laval\/#breadcrumb"},"inLanguage":"fr-FR","potentialAction":[{"@type":"ReadAction","target":["https:\/\/www.innomatiques.com\/seo\/marketing-web-montreal-laval\/"]}]},{"@type":"ImageObject","inLanguage":"fr-FR","@id":"https:\/\/www.innomatiques.com\/seo\/marketing-web-montreal-laval\/#primaryimage","url":"https:\/\/www.innomatiques.com\/seo\/wp-content\/uploads\/2015\/08\/about-us-bg.jpg","contentUrl":"https:\/\/www.innomatiques.com\/seo\/wp-content\/uploads\/2015\/08\/about-us-bg.jpg","width":2048,"height":465},{"@type":"BreadcrumbList","@id":"https:\/\/www.innomatiques.com\/seo\/marketing-web-montreal-laval\/#breadcrumb","itemListElement":[{"@type":"ListItem","position":1,"name":"Accueil","item":"https:\/\/www.innomatiques.com\/seo\/"},{"@type":"ListItem","position":2,"name":"Agence Marketing Web"}]},{"@type":"WebSite","@id":"https:\/\/www.innomatiques.com\/seo\/#website","url":"https:\/\/www.innomatiques.com\/seo\/","name":"Innomatiques Agence Web","description":"","potentialAction":[{"@type":"SearchAction","target":{"@type":"EntryPoint","urlTemplate":"https:\/\/www.innomatiques.com\/seo\/?s={search_term_string}"},"query-input":{"@type":"PropertyValueSpecification","valueRequired":true,"valueName":"search_term_string"}}],"inLanguage":"fr-FR"},false]}},"yasr_visitor_votes":{"stars_attributes":{"read_only":false,"span_bottom":false},"number_of_votes":0,"sum_votes":0},"_links":{"self":[{"href":"https:\/\/www.innomatiques.com\/seo\/wp-json\/wp\/v2\/pages\/5126","targetHints":{"allow":["GET"]}}],"collection":[{"href":"https:\/\/www.innomatiques.com\/seo\/wp-json\/wp\/v2\/pages"}],"about":[{"href":"https:\/\/www.innomatiques.com\/seo\/wp-json\/wp\/v2\/types\/page"}],"author":[{"embeddable":true,"href":"https:\/\/www.innomatiques.com\/seo\/wp-json\/wp\/v2\/users\/1"}],"replies":[{"embeddable":true,"href":"https:\/\/www.innomatiques.com\/seo\/wp-json\/wp\/v2\/comments?post=5126"}],"version-history":[{"count":23,"href":"https:\/\/www.innomatiques.com\/seo\/wp-json\/wp\/v2\/pages\/5126\/revisions"}],"predecessor-version":[{"id":5504,"href":"https:\/\/www.innomatiques.com\/seo\/wp-json\/wp\/v2\/pages\/5126\/revisions\/5504"}],"wp:featuredmedia":[{"embeddable":true,"href":"https:\/\/www.innomatiques.com\/seo\/wp-json\/wp\/v2\/media\/1083"}],"wp:attachment":[{"href":"https:\/\/www.innomatiques.com\/seo\/wp-json\/wp\/v2\/media?parent=5126"}],"curies":[{"name":"wp","href":"https:\/\/api.w.org\/{rel}","templated":true}]}}