{"id":4953,"date":"2016-09-30T16:30:33","date_gmt":"2016-09-30T15:30:33","guid":{"rendered":"http:\/\/www.innomatiques.com\/seo\/?page_id=4953"},"modified":"2016-10-05T17:58:07","modified_gmt":"2016-10-05T16:58:07","slug":"creation-logo-montreal","status":"publish","type":"page","link":"https:\/\/www.innomatiques.com\/seo\/creation-logo-montreal\/","title":{"rendered":"Cr\u00e9ation de logos"},"content":{"rendered":"<div class=\"row row-edge  \" >\n<div class=\"col-md-12\">\n<div class=\"cherry-spacer  \" style=\"height:80px;\"><\/div>\n<\/div>\n<\/div>\n<div class=\"row  \" ><div class=\"container\"><div class=\"row row-edge\">\n<div class=\"col-md-12\">\n<div class=\"motopress-text-obj\">\n<h5 style=\"text-align: center;\"><span style=\"color: #4eb7fe;\">Agence en conception de marque<\/span><\/h5>\n<h2 style=\"text-align: center;\">Cr\u00e9ation de logos sur mesure<\/h2>\n<p style=\"text-align: center;\">L\u2019identit\u00e9 visuelle est au c\u0153ur de l\u2019entreprise, car elle refl\u00e8te sa personnalit\u00e9 et ses valeurs. C\u2019est \u00e0 partir d\u2019une bonne analyse strat\u00e9gique (description, positionnement et public-cible de l\u2019entreprise) que nous pouvons vous aider \u00e0 cr\u00e9er une image qui sera attirer l\u2019attention et qui r\u00e9pondra \u00e0 vos besoins. Que ce soit pour une nouvelle entreprise, pour la refonte compl\u00e8te d\u2019une image de marque ou une conception de nouveau logo, nous pouvons vous aider!<\/p>\n<h5 style=\"text-align: center;\">Nos forfaits de cr\u00e9ation de logos inclus :<\/h5>\n<div class=\"cherry-list font-icon cherry-list_8607   \">\n<ul style=\"text-align:center;\">\n<li><span class=\"fa fa-check list-icon icon-876\"><\/span><span style=\"color:#4eb7fe;\">Recherche de styles graphiques et tendances,<\/span><\/li>\n<li><span class=\"fa fa-check list-icon icon-876\"><\/span><span style=\"color:#4eb7fe;\">3 propositions,<\/span><\/li>\n<li><span class=\"fa fa-check list-icon icon-876\"><\/span><span style=\"color:#4eb7fe;\">3 r\u00e9visions,<\/span><\/li>\n<li><span class=\"fa fa-check list-icon icon-876\"><\/span><span style=\"color:#4eb7fe;\">1 charte graphique,<\/span><\/li>\n<li><span class=\"fa fa-check list-icon icon-876\"><\/span><span style=\"color:#4eb7fe;\">Fichier du logo final en format web (png) &#038; impression (eps, jpeg).<\/span><\/li>\n<\/ul>\n<\/div>\n<\/div>\n<\/div>\n<\/div><\/div><\/div>\n<div class=\"row row-edge  \" >\n<div class=\"col-md-12\">\n<div class=\"cherry-spacer  \" style=\"height:50px;\"><\/div>\n<\/div>\n<\/div>\n<div class=\"row  padding-top-60 padding-bottom-60\" ><div class=\"cherry-box   box-377\"><div class=\"inner\"><div class=\"container\"><div class=\"row row-edge\">\n<div class=\"col-xs-12 col-sm-8 col-md-7  motopress-margin-top-20 motopress-margin-bottom-20\">\n<div class=\"motopress-text-obj\">\n<h2><span style=\"color: #ffffff;\">Rabais de 50$<\/span><\/h2>\n<h5><span style=\"color: #ffffff;\">Obtenez un rabais instantan\u00e9 de 50$ \u00e0 l&#8217;achat d&#8217;un forfait de conception de logo. Sans obligation!<\/span><\/h5>\n<\/div>\n<\/div>\n<div class=\"col-xs-12 col-sm-4 col-md-5  motopress-margin-top-25\">\n\n<div class=\"wpcf7 no-js\" id=\"wpcf7-f4546-o1\" lang=\"en-US\" dir=\"ltr\" data-wpcf7-id=\"4546\">\n<div class=\"screen-reader-response\"><p role=\"status\" aria-live=\"polite\" aria-atomic=\"true\"><\/p> <ul><\/ul><\/div>\n<form action=\"\/seo\/wp-json\/wp\/v2\/pages\/4953#wpcf7-f4546-o1\" method=\"post\" class=\"wpcf7-form init\" aria-label=\"Contact form\" novalidate=\"novalidate\" data-status=\"init\">\n<fieldset class=\"hidden-fields-container\"><input type=\"hidden\" name=\"_wpcf7\" value=\"4546\" \/><input type=\"hidden\" name=\"_wpcf7_version\" value=\"6.1.5\" \/><input type=\"hidden\" name=\"_wpcf7_locale\" value=\"en_US\" \/><input type=\"hidden\" name=\"_wpcf7_unit_tag\" value=\"wpcf7-f4546-o1\" \/><input type=\"hidden\" name=\"_wpcf7_container_post\" value=\"0\" \/><input type=\"hidden\" name=\"_wpcf7_posted_data_hash\" value=\"\" \/><input type=\"hidden\" name=\"_wpcf7_recaptcha_response\" value=\"\" \/>\n<\/fieldset>\n<p><span class=\"wpcf7-form-control-wrap\" data-name=\"your-name\"><input size=\"40\" maxlength=\"400\" class=\"wpcf7-form-control wpcf7-text wpcf7-validates-as-required\" aria-required=\"true\" aria-invalid=\"false\" placeholder=\"Nom: *\" value=\"\" type=\"text\" name=\"your-name\" \/><\/span><br \/>\n<span class=\"wpcf7-form-control-wrap\" data-name=\"your-phone\"><input size=\"40\" maxlength=\"400\" class=\"wpcf7-form-control wpcf7-text wpcf7-validates-as-required\" aria-required=\"true\" aria-invalid=\"false\" placeholder=\"T\u00e9l\u00e9phone: *\" value=\"\" type=\"text\" name=\"your-phone\" \/><\/span><br \/>\n<span class=\"wpcf7-form-control-wrap\" data-name=\"your-email\"><input size=\"40\" maxlength=\"400\" class=\"wpcf7-form-control wpcf7-email wpcf7-validates-as-required wpcf7-text wpcf7-validates-as-email\" aria-required=\"true\" aria-invalid=\"false\" placeholder=\"Courriel: *\" value=\"\" type=\"email\" name=\"your-email\" \/><\/span><br \/>\n<input class=\"wpcf7-form-control wpcf7-submit has-spinner cherry-btn cherry-btn-info cherry-btn-medium\" type=\"submit\" value=\"OBTENIR UN RABAIS!\" \/>\n<\/p><div class=\"wpcf7-response-output\" aria-hidden=\"true\"><\/div>\n<\/form>\n<\/div>\n\n<\/div>\n<\/div><\/div><\/div><\/div><\/div>\n<div class=\"row row-edge  \" >\n<div class=\"col-md-12\">\n<div class=\"cherry-spacer  \" style=\"height:70px;\"><\/div>\n<\/div>\n<\/div>\n<div class=\"row row-edge  \" >\n<div class=\"col-md-12\">\n<div class=\"row  \" ><div class=\"container\"><div class=\"row row-edge\">\n<div class=\"col-md-12\">\n<div class=\"motopress-text-obj\">\n<h2 style=\"text-align: center;\">Quelques exemples de logos<\/h2>\n<\/div>\n<\/div>\n<\/div><\/div><\/div>\n<div class=\"row row-edge  \" >\n<div class=\"col-md-12\">\n<div class=\"cherry-spacer  \" style=\"height:60px;\"><\/div>\n<\/div>\n<\/div>\n<div class=\"motopress-code-obj\">\n<img loading=\"lazy\" decoding=\"async\" src=\"http:\/\/www.innomatiques.com\/seo\/wp-content\/uploads\/2016\/09\/creation-logo-montreal.jpg\" alt=\"creation-logo-montreal\" width=\"1096\" height=\"317\" class=\"aligncenter size-full wp-image-4979\" srcset=\"https:\/\/www.innomatiques.com\/seo\/wp-content\/uploads\/2016\/09\/creation-logo-montreal.jpg 1096w, https:\/\/www.innomatiques.com\/seo\/wp-content\/uploads\/2016\/09\/creation-logo-montreal-600x174.jpg 600w, https:\/\/www.innomatiques.com\/seo\/wp-content\/uploads\/2016\/09\/creation-logo-montreal-570x165.jpg 570w, https:\/\/www.innomatiques.com\/seo\/wp-content\/uploads\/2016\/09\/creation-logo-montreal-768x222.jpg 768w\" sizes=\"auto, (max-width: 1096px) 100vw, 1096px\" \/><\/p>\n<\/div>\n<\/div>\n<\/div>\n<div class=\"row row-edge  \" >\n<div class=\"col-md-12\">\n<div class=\"cherry-spacer  \" style=\"height:65px;\"><\/div>\n<\/div>\n<\/div>\n<div class=\"row row-edge  \" >\n<div class=\"col-md-12\">\n<\/div>\n<\/div>\n<div class=\"row  padding-top-60 padding-bottom-60\" ><div class=\"cherry-box   box-191\"><div class=\"inner\"><div class=\"container\"><div class=\"row row-edge\">\n<div class=\"motopress-text-obj\">\n<h5 style=\"text-align: center;\"><span style=\"color: #4E5861;\">Des questions ? N&#8217;h\u00e9sitez pas \u00e0 prendre contact avec nous!<br \/>\n<\/span><\/h5>\n<h2><span style=\"color:#fff;\"><\/p>\n<div align=\"center\">Sans frais : 1-877-897-4573<\/div>\n<p><\/span><\/h2>\n<\/div>\n<\/div><\/div><\/div><\/div><\/div>\n<div class=\"row  padding-top-80 padding-bottom-20\" ><section class=\"parallax-box image-parallax-box \" style=\"min-height: 300px\"><div class=\"parallax-content\"><div class=\"container\"><div class=\"row row-edge\">\n<div class=\"col-md-12\">\n<div class=\"row row-edge  \" >\n<div class=\"col-md-12\">\n<div class=\"motopress-text-obj\">\n<h5 style=\"text-align: center;\"><span style=\"color: #ffffff;\">Suivez-nous!<br \/>\n<\/span><\/h5>\n<h2 style=\"text-align: center;\"><span style=\"color: #ffffff;\">En visitant nos r\u00e9seaux sociaux<\/span><\/h2>\n<\/div>\n<\/div>\n<\/div>\n<div class=\"row row-edge  \" >\n<div class=\"col-md-12\">\n<div class=\"cherry-spacer  \" style=\"height:30px;\"><\/div>\n<\/div>\n<\/div>\n<div class=\"row row-edge  \" >\n<div class=\"col-md-12\">\n<div id='cherry-follow-items-1' class='cherry-follow_wrap '><ul class='cherry-follow_list clearfix'><li class=\"cherry-follow_item facebook-item\"><a class=\"cherry-follow_link\" href=\"https:\/\/www.facebook.com\/innomatiques\/\" target=\"_blank\" rel=\"nofollow\" title=\"Facebook\"><i class='fa fa-facebook'><\/i><span class=\"cherry-follow_label\">Facebook<\/span><\/a><\/li><li class=\"cherry-follow_item twitter-item\"><a class=\"cherry-follow_link\" href=\"https:\/\/twitter.com\/innomatiques\" target=\"_blank\" rel=\"nofollow\" title=\"Twitter\"><i class='fa fa-twitter'><\/i><span class=\"cherry-follow_label\">Twitter<\/span><\/a><\/li><li class=\"cherry-follow_item linkedin-item\"><a class=\"cherry-follow_link\" href=\"https:\/\/ca.linkedin.com\/in\/innomatiques\" target=\"_blank\" rel=\"nofollow\" title=\"LinkedIn\"><i class='fa fa-linkedin'><\/i><span class=\"cherry-follow_label\">LinkedIn<\/span><\/a><\/li><\/ul><\/div>\n<\/div>\n<\/div>\n<\/div>\n<\/div><\/div><div class=\"clear\"><\/div><\/div><div class=\"parallax-bg\" data-parallax-type=\"image\" data-img-url=\"http:\/\/www.innomatiques.com\/seo\/wp-content\/uploads\/2015\/09\/home-landing-6.jpg\" data-speed=\"1.5\" data-invert=\"\" ><\/div><\/section><\/div>\n","protected":false},"excerpt":{"rendered":"","protected":false},"author":1,"featured_media":1083,"parent":0,"menu_order":0,"comment_status":"closed","ping_status":"closed","template":"","meta":{"yasr_overall_rating":0,"yasr_post_is_review":"","yasr_auto_insert_disabled":"","yasr_review_type":"","footnotes":""},"class_list":["post-4953","page","type-page","status-publish","has-post-thumbnail","hentry"],"yoast_head":"<!-- This site is optimized with the Yoast SEO plugin v27.5 - https:\/\/yoast.com\/product\/yoast-seo-wordpress\/ -->\n<title>Cr\u00e9ation de Logos Montr\u00e9al, Laval, Longueuil - Innomatiques Inc.<\/title>\n<meta name=\"description\" content=\"Entreprise sp\u00e9cialis\u00e9e dans la conception et la cr\u00e9ation de logos pour les entreprises. Forfaits selon vos besoins.\" \/>\n<meta name=\"robots\" content=\"index, follow, max-snippet:-1, max-image-preview:large, max-video-preview:-1\" \/>\n<link rel=\"canonical\" href=\"https:\/\/www.innomatiques.com\/seo\/creation-logo-montreal\/\" \/>\n<meta property=\"og:locale\" content=\"fr_FR\" \/>\n<meta property=\"og:type\" content=\"article\" \/>\n<meta property=\"og:title\" content=\"Cr\u00e9ation de Logos Montr\u00e9al, Laval, Longueuil - Innomatiques Inc.\" \/>\n<meta property=\"og:description\" content=\"Entreprise sp\u00e9cialis\u00e9e dans la conception et la cr\u00e9ation de logos pour les entreprises. Forfaits selon vos besoins.\" \/>\n<meta property=\"og:url\" content=\"https:\/\/www.innomatiques.com\/seo\/creation-logo-montreal\/\" \/>\n<meta property=\"og:site_name\" content=\"Innomatiques Agence Web\" \/>\n<meta property=\"article:modified_time\" content=\"2016-10-05T16:58:07+00:00\" \/>\n<meta property=\"og:image\" content=\"https:\/\/www.innomatiques.com\/seo\/wp-content\/uploads\/2015\/08\/about-us-bg.jpg\" \/>\n\t<meta property=\"og:image:width\" content=\"2048\" \/>\n\t<meta property=\"og:image:height\" content=\"465\" \/>\n\t<meta property=\"og:image:type\" content=\"image\/jpeg\" \/>\n<meta name=\"twitter:card\" content=\"summary_large_image\" \/>\n<meta name=\"twitter:label1\" content=\"Dur\u00e9e de lecture estim\u00e9e\" \/>\n\t<meta name=\"twitter:data1\" content=\"3 minutes\" \/>\n<script type=\"application\/ld+json\" class=\"yoast-schema-graph\">{\"@context\":\"https:\\\/\\\/schema.org\",\"@graph\":[{\"@type\":\"WebPage\",\"@id\":\"https:\\\/\\\/www.innomatiques.com\\\/seo\\\/creation-logo-montreal\\\/\",\"url\":\"https:\\\/\\\/www.innomatiques.com\\\/seo\\\/creation-logo-montreal\\\/\",\"name\":\"Cr\u00e9ation de Logos Montr\u00e9al, Laval, Longueuil - Innomatiques Inc.\",\"isPartOf\":{\"@id\":\"https:\\\/\\\/www.innomatiques.com\\\/seo\\\/#website\"},\"primaryImageOfPage\":{\"@id\":\"https:\\\/\\\/www.innomatiques.com\\\/seo\\\/creation-logo-montreal\\\/#primaryimage\"},\"image\":{\"@id\":\"https:\\\/\\\/www.innomatiques.com\\\/seo\\\/creation-logo-montreal\\\/#primaryimage\"},\"thumbnailUrl\":\"https:\\\/\\\/www.innomatiques.com\\\/seo\\\/wp-content\\\/uploads\\\/2015\\\/08\\\/about-us-bg.jpg\",\"datePublished\":\"2016-09-30T15:30:33+00:00\",\"dateModified\":\"2016-10-05T16:58:07+00:00\",\"description\":\"Entreprise sp\u00e9cialis\u00e9e dans la conception et la cr\u00e9ation de logos pour les entreprises. Forfaits selon vos besoins.\",\"breadcrumb\":{\"@id\":\"https:\\\/\\\/www.innomatiques.com\\\/seo\\\/creation-logo-montreal\\\/#breadcrumb\"},\"inLanguage\":\"fr-FR\",\"potentialAction\":[{\"@type\":\"ReadAction\",\"target\":[\"https:\\\/\\\/www.innomatiques.com\\\/seo\\\/creation-logo-montreal\\\/\"]}]},{\"@type\":\"ImageObject\",\"inLanguage\":\"fr-FR\",\"@id\":\"https:\\\/\\\/www.innomatiques.com\\\/seo\\\/creation-logo-montreal\\\/#primaryimage\",\"url\":\"https:\\\/\\\/www.innomatiques.com\\\/seo\\\/wp-content\\\/uploads\\\/2015\\\/08\\\/about-us-bg.jpg\",\"contentUrl\":\"https:\\\/\\\/www.innomatiques.com\\\/seo\\\/wp-content\\\/uploads\\\/2015\\\/08\\\/about-us-bg.jpg\",\"width\":2048,\"height\":465},{\"@type\":\"BreadcrumbList\",\"@id\":\"https:\\\/\\\/www.innomatiques.com\\\/seo\\\/creation-logo-montreal\\\/#breadcrumb\",\"itemListElement\":[{\"@type\":\"ListItem\",\"position\":1,\"name\":\"Accueil\",\"item\":\"https:\\\/\\\/www.innomatiques.com\\\/seo\\\/\"},{\"@type\":\"ListItem\",\"position\":2,\"name\":\"Cr\u00e9ation de logos\"}]},{\"@type\":\"WebSite\",\"@id\":\"https:\\\/\\\/www.innomatiques.com\\\/seo\\\/#website\",\"url\":\"https:\\\/\\\/www.innomatiques.com\\\/seo\\\/\",\"name\":\"Innomatiques Agence Web\",\"description\":\"\",\"potentialAction\":[{\"@type\":\"SearchAction\",\"target\":{\"@type\":\"EntryPoint\",\"urlTemplate\":\"https:\\\/\\\/www.innomatiques.com\\\/seo\\\/?s={search_term_string}\"},\"query-input\":{\"@type\":\"PropertyValueSpecification\",\"valueRequired\":true,\"valueName\":\"search_term_string\"}}],\"inLanguage\":\"fr-FR\"},false]}<\/script>\n<!-- \/ Yoast SEO plugin. -->","yoast_head_json":{"title":"Cr\u00e9ation de Logos Montr\u00e9al, Laval, Longueuil - Innomatiques Inc.","description":"Entreprise sp\u00e9cialis\u00e9e dans la conception et la cr\u00e9ation de logos pour les entreprises. Forfaits selon vos besoins.","robots":{"index":"index","follow":"follow","max-snippet":"max-snippet:-1","max-image-preview":"max-image-preview:large","max-video-preview":"max-video-preview:-1"},"canonical":"https:\/\/www.innomatiques.com\/seo\/creation-logo-montreal\/","og_locale":"fr_FR","og_type":"article","og_title":"Cr\u00e9ation de Logos Montr\u00e9al, Laval, Longueuil - Innomatiques Inc.","og_description":"Entreprise sp\u00e9cialis\u00e9e dans la conception et la cr\u00e9ation de logos pour les entreprises. Forfaits selon vos besoins.","og_url":"https:\/\/www.innomatiques.com\/seo\/creation-logo-montreal\/","og_site_name":"Innomatiques Agence Web","article_modified_time":"2016-10-05T16:58:07+00:00","og_image":[{"width":2048,"height":465,"url":"https:\/\/www.innomatiques.com\/seo\/wp-content\/uploads\/2015\/08\/about-us-bg.jpg","type":"image\/jpeg"}],"twitter_card":"summary_large_image","twitter_misc":{"Dur\u00e9e de lecture estim\u00e9e":"3 minutes"},"schema":{"@context":"https:\/\/schema.org","@graph":[{"@type":"WebPage","@id":"https:\/\/www.innomatiques.com\/seo\/creation-logo-montreal\/","url":"https:\/\/www.innomatiques.com\/seo\/creation-logo-montreal\/","name":"Cr\u00e9ation de Logos Montr\u00e9al, Laval, Longueuil - Innomatiques Inc.","isPartOf":{"@id":"https:\/\/www.innomatiques.com\/seo\/#website"},"primaryImageOfPage":{"@id":"https:\/\/www.innomatiques.com\/seo\/creation-logo-montreal\/#primaryimage"},"image":{"@id":"https:\/\/www.innomatiques.com\/seo\/creation-logo-montreal\/#primaryimage"},"thumbnailUrl":"https:\/\/www.innomatiques.com\/seo\/wp-content\/uploads\/2015\/08\/about-us-bg.jpg","datePublished":"2016-09-30T15:30:33+00:00","dateModified":"2016-10-05T16:58:07+00:00","description":"Entreprise sp\u00e9cialis\u00e9e dans la conception et la cr\u00e9ation de logos pour les entreprises. Forfaits selon vos besoins.","breadcrumb":{"@id":"https:\/\/www.innomatiques.com\/seo\/creation-logo-montreal\/#breadcrumb"},"inLanguage":"fr-FR","potentialAction":[{"@type":"ReadAction","target":["https:\/\/www.innomatiques.com\/seo\/creation-logo-montreal\/"]}]},{"@type":"ImageObject","inLanguage":"fr-FR","@id":"https:\/\/www.innomatiques.com\/seo\/creation-logo-montreal\/#primaryimage","url":"https:\/\/www.innomatiques.com\/seo\/wp-content\/uploads\/2015\/08\/about-us-bg.jpg","contentUrl":"https:\/\/www.innomatiques.com\/seo\/wp-content\/uploads\/2015\/08\/about-us-bg.jpg","width":2048,"height":465},{"@type":"BreadcrumbList","@id":"https:\/\/www.innomatiques.com\/seo\/creation-logo-montreal\/#breadcrumb","itemListElement":[{"@type":"ListItem","position":1,"name":"Accueil","item":"https:\/\/www.innomatiques.com\/seo\/"},{"@type":"ListItem","position":2,"name":"Cr\u00e9ation de logos"}]},{"@type":"WebSite","@id":"https:\/\/www.innomatiques.com\/seo\/#website","url":"https:\/\/www.innomatiques.com\/seo\/","name":"Innomatiques Agence Web","description":"","potentialAction":[{"@type":"SearchAction","target":{"@type":"EntryPoint","urlTemplate":"https:\/\/www.innomatiques.com\/seo\/?s={search_term_string}"},"query-input":{"@type":"PropertyValueSpecification","valueRequired":true,"valueName":"search_term_string"}}],"inLanguage":"fr-FR"},false]}},"yasr_visitor_votes":{"stars_attributes":{"read_only":false,"span_bottom":false},"number_of_votes":0,"sum_votes":0},"_links":{"self":[{"href":"https:\/\/www.innomatiques.com\/seo\/wp-json\/wp\/v2\/pages\/4953","targetHints":{"allow":["GET"]}}],"collection":[{"href":"https:\/\/www.innomatiques.com\/seo\/wp-json\/wp\/v2\/pages"}],"about":[{"href":"https:\/\/www.innomatiques.com\/seo\/wp-json\/wp\/v2\/types\/page"}],"author":[{"embeddable":true,"href":"https:\/\/www.innomatiques.com\/seo\/wp-json\/wp\/v2\/users\/1"}],"replies":[{"embeddable":true,"href":"https:\/\/www.innomatiques.com\/seo\/wp-json\/wp\/v2\/comments?post=4953"}],"version-history":[{"count":47,"href":"https:\/\/www.innomatiques.com\/seo\/wp-json\/wp\/v2\/pages\/4953\/revisions"}],"predecessor-version":[{"id":5015,"href":"https:\/\/www.innomatiques.com\/seo\/wp-json\/wp\/v2\/pages\/4953\/revisions\/5015"}],"wp:featuredmedia":[{"embeddable":true,"href":"https:\/\/www.innomatiques.com\/seo\/wp-json\/wp\/v2\/media\/1083"}],"wp:attachment":[{"href":"https:\/\/www.innomatiques.com\/seo\/wp-json\/wp\/v2\/media?parent=4953"}],"curies":[{"name":"wp","href":"https:\/\/api.w.org\/{rel}","templated":true}]}}