{"id":4731,"date":"2016-05-05T15:16:36","date_gmt":"2016-05-05T14:16:36","guid":{"rendered":"http:\/\/www.innomatiques.com\/seo\/?page_id=4731"},"modified":"2019-11-18T14:54:32","modified_gmt":"2019-11-18T13:54:32","slug":"evaluation-gratuite","status":"publish","type":"page","link":"https:\/\/www.innomatiques.com\/seo\/evaluation-gratuite\/","title":{"rendered":"\u00c9valuation gratuite"},"content":{"rendered":"<div class=\"row  padding-top-80\" ><section class=\"parallax-box image-parallax-box \" style=\"min-height: 475px\"><div class=\"parallax-content\"><div class=\"container-fluid\"><div class=\"row row-edge\">\n<div class=\"col-md-12 col-lg-12 col-lg-offset-0\">\n<div class=\"row row-edge  flex-row bottom-flex\" >\n<div class=\"col-xs-12 col-sm-12 col-md-6 col-lg-4 col-xs-offset-0 col-sm-offset-0 col-md-offset-0 col-lg-offset-2  motopress-margin-top-10 motopress-margin-bottom-10\">\n<div class=\"motopress-code-obj\">\n<h2><span style=\"color: #ffffff;\"><em>\u00abNous avons contribu\u00e9 \u00e0<\/span><br \/>\n<span style=\"color: #ffffff;\">accro\u00eetre la performance<\/em><\/span><br \/>\n<span style=\"color: #ffffff;\"><em>de plus de 250 entreprises.\u00bb<\/em><\/span><\/h2>\n<p><span style=\"color: #ffffff;\">&#8211; Mathieu Gu\u00e9rin, Pr\u00e9sident et conseiller SEO<\/span><\/p>\n<div class=\"cherry-spacer  \" style=\"height:120px;\"><\/div>\n<\/div>\n<\/div>\n<div class=\"col-xs-12 col-sm-12 col-md-6 col-lg-5 col-xs-offset-0 col-sm-offset-0 col-md-offset-0 col-lg-offset-0 col-xs-pull-0 col-sm-pull-0 col-md-pull-0 col-lg-pull-0 col-xs-push-0 col-sm-push-0 col-md-push-0 col-lg-push-0  motopress-margin-top-25\">\n<\/div>\n<\/div>\n<\/div>\n<\/div><\/div><div class=\"clear\"><\/div><\/div><div class=\"parallax-bg\" data-parallax-type=\"image\" data-img-url=\"http:\/\/www.innomatiques.com\/seo\/wp-content\/uploads\/2016\/05\/header-mathieu-4.jpg\" data-speed=\"1.5\" data-invert=\"\" ><\/div><\/section><\/div>\n<div class=\"row row-edge  \" >\n<div class=\"col-md-12\">\n<div class=\"cherry-spacer  \" style=\"height:80px;\"><\/div>\n<\/div>\n<\/div>\n<div class=\"row  \" ><div class=\"container\"><div class=\"row row-edge\">\n<div class=\"col-md-12\">\n<div class=\"motopress-text-obj\">\n<h5 style=\"text-align: center;\"><span style=\"color: #4eb7fe;\">Mettre en place les bonnes strat\u00e9gies<\/span><\/h5>\n<h2 style=\"text-align: center;\">D\u00e9marquez-vous l\u00e0 o\u00f9 il y a un r\u00e9el potentiel!<\/h2>\n<p style=\"text-align: center;\">Agence Web Marketing sp\u00e9cialis\u00e9e en positionnement (SEO Google) dans les moteurs de recherche, en conception de sites Web optimis\u00e9s et en publicit\u00e9s Google (Google Ads) depuis plus de 15 ans, nous saurons \u00e9couter vos besoins afin de bien vous conseiller sur les meilleures strat\u00e9gies de visibilit\u00e9 Internet pour votre entreprise. Nos conseils ont permis \u00e0 plus de 250 entreprises d&#8217;am\u00e9liorer leur performance sur le Web. De plus, notre agence est certifi\u00e9e <strong>partenaire Google<\/strong>. Nos services sont disponibles partout au Qu\u00e9bec. D\u00e9butez par une \u00e9valuation gratuite!<\/p>\n<p>\n<script src=\"https:\/\/apis.google.com\/js\/platform.js\" async defer><\/script><\/p>\n<div align=\"center\">\n<div class=\"g-partnersbadge\" data-agency-id=\"3600024798\"><\/div>\n<\/div>\n<p><!-- Add the code snippet above to the sites listed to display your badge:\n    http:\/\/www.innomatiques.com --><\/p>\n<\/div>\n<\/div>\n<\/div><\/div><\/div>\n<div class=\"cherry-spacer  \" style=\"height:70px;\"><\/div>\n<div class=\"row  padding-top-60 padding-bottom-60\" ><div class=\"cherry-box   box-997\"><div class=\"inner\"><div class=\"container\"><div class=\"row row-edge\">\n<div class=\"col-xs-12 col-sm-8 col-md-7  motopress-margin-top-20 motopress-margin-bottom-20\">\n<div class=\"motopress-text-obj\">\n<h2><span style=\"color: #ffffff;\">\u00c9valuation gratuite!<\/span><\/h2>\n<h5><span style=\"color: #ffffff;\">Demandez une \u00e9valuation gratuite afin d&#8217;accro\u00eetre les performances de votre entreprise sur le Web. Il nous fera plaisir d&#8217;en discuter avec vous!<\/span><\/h5>\n<\/div>\n<\/div>\n<div class=\"col-xs-12 col-sm-4 col-md-5  motopress-margin-top-25\">\n\n<div class=\"wpcf7 no-js\" id=\"wpcf7-f4769-o1\" lang=\"en-US\" dir=\"ltr\" data-wpcf7-id=\"4769\">\n<div class=\"screen-reader-response\"><p role=\"status\" aria-live=\"polite\" aria-atomic=\"true\"><\/p> <ul><\/ul><\/div>\n<form action=\"\/seo\/wp-json\/wp\/v2\/pages\/4731#wpcf7-f4769-o1\" method=\"post\" class=\"wpcf7-form init\" aria-label=\"Contact form\" novalidate=\"novalidate\" data-status=\"init\">\n<fieldset class=\"hidden-fields-container\"><input type=\"hidden\" name=\"_wpcf7\" value=\"4769\" \/><input type=\"hidden\" name=\"_wpcf7_version\" value=\"6.1.5\" \/><input type=\"hidden\" name=\"_wpcf7_locale\" value=\"en_US\" \/><input type=\"hidden\" name=\"_wpcf7_unit_tag\" value=\"wpcf7-f4769-o1\" \/><input type=\"hidden\" name=\"_wpcf7_container_post\" value=\"0\" \/><input type=\"hidden\" name=\"_wpcf7_posted_data_hash\" value=\"\" \/><input type=\"hidden\" name=\"_wpcf7_recaptcha_response\" value=\"\" \/>\n<\/fieldset>\n<p><span class=\"wpcf7-form-control-wrap\" data-name=\"your-name\"><input size=\"40\" maxlength=\"400\" class=\"wpcf7-form-control wpcf7-text wpcf7-validates-as-required\" aria-required=\"true\" aria-invalid=\"false\" placeholder=\"Nom: *\" value=\"\" type=\"text\" name=\"your-name\" \/><\/span><br \/>\n<span class=\"wpcf7-form-control-wrap\" data-name=\"your-phone\"><input size=\"40\" maxlength=\"400\" class=\"wpcf7-form-control wpcf7-text wpcf7-validates-as-required\" aria-required=\"true\" aria-invalid=\"false\" placeholder=\"T\u00e9l\u00e9phone: *\" value=\"\" type=\"text\" name=\"your-phone\" \/><\/span><br \/>\n<span class=\"wpcf7-form-control-wrap\" data-name=\"your-email\"><input size=\"40\" maxlength=\"400\" class=\"wpcf7-form-control wpcf7-email wpcf7-validates-as-required wpcf7-text wpcf7-validates-as-email\" aria-required=\"true\" aria-invalid=\"false\" placeholder=\"Courriel: *\" value=\"\" type=\"email\" name=\"your-email\" \/><\/span><br \/>\n<span class=\"wpcf7-form-control-wrap\" data-name=\"AdresseWeb\"><input size=\"40\" maxlength=\"400\" class=\"wpcf7-form-control wpcf7-url wpcf7-text wpcf7-validates-as-url\" aria-invalid=\"false\" placeholder=\"Adresse Web:\" value=\"\" type=\"url\" name=\"AdresseWeb\" \/><\/span><br \/>\n<input class=\"wpcf7-form-control wpcf7-submit has-spinner cherry-btn cherry-btn-info cherry-btn-medium\" type=\"submit\" value=\"ENVOYER\" \/>\n<\/p><div class=\"wpcf7-response-output\" aria-hidden=\"true\"><\/div>\n<\/form>\n<\/div>\n\n<\/div>\n<\/div><\/div><\/div><\/div><\/div>\n<div class=\"row row-edge  \" >\n<div class=\"col-md-12\">\n<\/div>\n<\/div>\n<div class=\"row  padding-top-60 padding-bottom-60\" ><div class=\"cherry-box   box-875\"><div class=\"inner\"><div class=\"container\"><div class=\"row row-edge\">\n<div class=\"col-xs-12 col-sm-12 col-md-4  motopress-margin-top-20 motopress-margin-bottom-20\">\n<div class=\"row row-edge  \" >\n<div class=\"col-md-12\">\n<div class=\"motopress-text-obj\">\n<h5><span style=\"color: #4eb7fe;\">Sites qui se d\u00e9marquent<\/span><\/h5>\n<h4>Cr\u00e9ation site Web<br \/>\noptimis\u00e9<\/h4>\n<\/div>\n<\/div>\n<\/div>\n<div class=\"row row-edge  \" >\n<div class=\"col-md-12\">\n<div class=\"cherry-spacer  \" style=\"height:20px;\"><\/div>\n<\/div>\n<\/div>\n<div class=\"row row-edge  \" >\n<div class=\"col-md-12\">\n<div class=\"cherry-list font-icon cherry-list_3384   \">\n<ul>\n<li><span class=\"fa fa-check list-icon icon-122\"><\/span><a href=\"http:\/\/www.innomatiques.com\/seo\/creation-sites-web-optimise\/\">Design professionnel<\/a><\/li>\n<li><span class=\"fa fa-check list-icon icon-122\"><\/span><a href=\"http:\/\/www.innomatiques.com\/seo\/creation-sites-web-optimise\/\">Optimisation &amp; performance<\/a><\/li>\n<li><span class=\"fa fa-check list-icon icon-122\"><\/span><a href=\"http:\/\/www.innomatiques.com\/seo\/creation-sites-web-optimise\/\">Version mobile<\/a><\/li>\n<li><span class=\"fa fa-check list-icon icon-122\"><\/span><a href=\"http:\/\/www.innomatiques.com\/seo\/creation-sites-web-optimise\/\">Site adapt\u00e9 \u00e0 vos besoins<\/a><\/li>\n<\/ul>\n<\/div>\n<\/div>\n<\/div>\n<\/div>\n<div class=\"col-xs-12 col-sm-12 col-md-4  motopress-margin-top-20 motopress-margin-bottom-20\">\n<div class=\"row row-edge  \" >\n<div class=\"col-md-12\">\n<div class=\"motopress-text-obj\">\n<h5><span style=\"color: #4eb7fe;\">Votre site en premi\u00e8re page<\/span><\/h5>\n<h4>Strat\u00e9gies SEO et r\u00e9f\u00e9rencement<\/h4>\n<\/div>\n<\/div>\n<\/div>\n<div class=\"row row-edge  \" >\n<div class=\"col-md-12\">\n<div class=\"cherry-spacer  \" style=\"height:20px;\"><\/div>\n<\/div>\n<\/div>\n<div class=\"row row-edge  \" >\n<div class=\"col-md-12\">\n<div class=\"cherry-list font-icon cherry-list_7870   \">\n<ul>\n<li><span class=\"fa fa-check list-icon icon-381\"><\/span><a href=\"http:\/\/www.innomatiques.com\/seo\/optimisation-sites-web\/\">Analyse des mots cl\u00e9s<\/a><\/li>\n<li><span class=\"fa fa-check list-icon icon-381\"><\/span><a href=\"http:\/\/www.innomatiques.com\/seo\/optimisation-sites-web\/\">Recommandations SEO<\/a><\/li>\n<li><span class=\"fa fa-check list-icon icon-381\"><\/span><a href=\"http:\/\/www.innomatiques.com\/seo\/optimisation-sites-web\/\">Optimisation pour Google<\/a><\/li>\n<li><span class=\"fa fa-check list-icon icon-381\"><\/span><a href=\"http:\/\/www.innomatiques.com\/seo\/referencement-internet\/\">Augmentation de la notori\u00e9t\u00e9<\/a><\/li>\n<\/ul>\n<\/div>\n<\/div>\n<\/div>\n<\/div>\n<div class=\"col-xs-12 col-sm-12 col-md-4  motopress-margin-top-20 motopress-margin-bottom-20\">\n<div class=\"row row-edge  \" >\n<div class=\"col-md-12\">\n<div class=\"motopress-text-obj\">\n<h5><span style=\"color: #4eb7fe;\">Visibilit\u00e9 efficace<\/span><\/h5>\n<h4>Publicit\u00e9s Google et Facebook<\/h4>\n<\/div>\n<\/div>\n<\/div>\n<div class=\"row row-edge  \" >\n<div class=\"col-md-12\">\n<div class=\"cherry-spacer  \" style=\"height:20px;\"><\/div>\n<\/div>\n<\/div>\n<div class=\"row row-edge  \" >\n<div class=\"col-md-12\">\n<div class=\"cherry-list font-icon cherry-list_6405   \">\n<ul>\n<li><span class=\"fa fa-check list-icon icon-665\"><\/span><a href=\"http:\/\/www.innomatiques.com\/seo\/publicites-google-facebook\/\">Visibilit\u00e9 imm\u00e9diate<\/a><\/li>\n<li><span class=\"fa fa-check list-icon icon-665\"><\/span><a href=\"http:\/\/www.innomatiques.com\/seo\/publicites-google-facebook\/\">Remarketing<\/a><\/li>\n<li><span class=\"fa fa-check list-icon icon-665\"><\/span><a href=\"http:\/\/www.innomatiques.com\/seo\/publicites-google-facebook\/\">Conversions<\/a><\/li>\n<li><span class=\"fa fa-check list-icon icon-665\"><\/span><a href=\"http:\/\/www.innomatiques.com\/seo\/publicites-google-facebook\/\">P\u00e9riode flexible<\/a><\/li>\n<\/ul>\n<\/div>\n<\/div>\n<\/div>\n<\/div>\n<\/div><\/div><\/div><\/div><\/div>\n<div class=\"row row-edge  \" >\n<div class=\"col-md-12\">\n<\/div>\n<\/div>\n<div class=\"cherry-spacer  \" style=\"height:65px;\"><\/div>\n<div class=\"row  \" ><div class=\"container\"><div class=\"row row-edge\">\n<div class=\"col-md-12\">\n<div class=\"motopress-text-obj\">\n<h5 style=\"text-align: center;\"><span style=\"color: #4eb7fe;\">Des clients qui nous ont fait confiance!<\/span><\/h5>\n<p style=\"text-align: center;\"><img decoding=\"async\" src=\"http:\/\/www.innomatiques.com\/seo\/wp-content\/uploads\/2016\/05\/logos-clients4.png\" alt=\"logos-clients\" class=\"aligncenter\" \/><\/p>\n<\/div>\n<div class=\"cherry-spacer  \" style=\"height:70px;\"><\/div>\n<\/div>\n<\/div><\/div><\/div>\n<div class=\"row row-edge  \" >\n<div class=\"col-md-12\">\n<\/div>\n<\/div>\n<div class=\"row  padding-top-60 padding-bottom-60\" ><div class=\"cherry-box   box-222\"><div class=\"inner\"><div class=\"container\"><div class=\"row row-edge\">\n<div class=\"motopress-text-obj\">\n<h5 style=\"text-align: center;\"><span style=\"color: #4eb7fe;\">Nous avons r\u00e9ponses rapides \u00e0 vos questions<br \/>\n<\/span><\/h5>\n<h2><span style=\"color: #000;\"><\/p>\n<div align=\"center\">Sans frais : <a href=\"tel:+18778974573\">1-877-897-4573<\/a><\/div>\n<p><\/span><\/h2>\n<\/div>\n<\/div><\/div><\/div><\/div><\/div>\n<div class=\"row  padding-top-80 padding-bottom-20\" ><section class=\"parallax-box image-parallax-box \" style=\"min-height: 300px\"><div class=\"parallax-content\"><div class=\"container\"><div class=\"row row-edge\">\n<div class=\"col-md-12\">\n<div class=\"row row-edge  \" >\n<div class=\"col-md-12\">\n<div class=\"motopress-text-obj\">\n<h5 style=\"text-align: center;\"><span style=\"color: #ffffff;\">Suivez-nous!<br \/>\n<\/span><\/h5>\n<h2 style=\"text-align: center;\"><span style=\"color: #ffffff;\">En visitant nos r\u00e9seaux sociaux<\/span><\/h2>\n<\/div>\n<\/div>\n<\/div>\n<div class=\"row row-edge  \" >\n<div class=\"col-md-12\">\n<div class=\"cherry-spacer  \" style=\"height:30px;\"><\/div>\n<\/div>\n<\/div>\n<div class=\"row row-edge  \" >\n<div class=\"col-md-12\">\n<div id='cherry-follow-items-1' class='cherry-follow_wrap '><ul class='cherry-follow_list clearfix'><li class=\"cherry-follow_item facebook-item\"><a class=\"cherry-follow_link\" href=\"https:\/\/www.facebook.com\/innomatiques\/\" target=\"_blank\" rel=\"nofollow\" title=\"Facebook\"><i class='fa fa-facebook'><\/i><span class=\"cherry-follow_label\">Facebook<\/span><\/a><\/li><li class=\"cherry-follow_item twitter-item\"><a class=\"cherry-follow_link\" href=\"https:\/\/twitter.com\/innomatiques\" target=\"_blank\" rel=\"nofollow\" title=\"Twitter\"><i class='fa fa-twitter'><\/i><span class=\"cherry-follow_label\">Twitter<\/span><\/a><\/li><li class=\"cherry-follow_item linkedin-item\"><a class=\"cherry-follow_link\" href=\"https:\/\/ca.linkedin.com\/in\/innomatiques\" target=\"_blank\" rel=\"nofollow\" title=\"LinkedIn\"><i class='fa fa-linkedin'><\/i><span class=\"cherry-follow_label\">LinkedIn<\/span><\/a><\/li><\/ul><\/div>\n<\/div>\n<\/div>\n<\/div>\n<\/div><\/div><div class=\"clear\"><\/div><\/div><div class=\"parallax-bg\" data-parallax-type=\"image\" data-img-url=\"http:\/\/www.innomatiques.com\/seo\/wp-content\/uploads\/2015\/09\/home-landing-6.jpg\" data-speed=\"1.5\" data-invert=\"\" ><\/div><\/section><\/div>\n","protected":false},"excerpt":{"rendered":"","protected":false},"author":1,"featured_media":0,"parent":0,"menu_order":0,"comment_status":"open","ping_status":"open","template":"","meta":{"yasr_overall_rating":4.8,"yasr_post_is_review":"","yasr_auto_insert_disabled":"","yasr_review_type":"Product","footnotes":""},"class_list":["post-4731","page","type-page","status-publish","hentry"],"yoast_head":"<!-- This site is optimized with the Yoast SEO plugin v27.5 - https:\/\/yoast.com\/product\/yoast-seo-wordpress\/ -->\n<title>\u00c9valuation Gratuite - Agence Web Marketing, Publicit\u00e9s \u2013 Innomatiques<\/title>\n<meta name=\"description\" content=\"Demandez votre \u00e9valuation gratuite en marketing Web et en conception de sites Web. Nos conseils ont permis \u00e0 plus de 250 entreprises de cro\u00eetre.\" \/>\n<meta name=\"robots\" content=\"index, follow, max-snippet:-1, max-image-preview:large, max-video-preview:-1\" \/>\n<link rel=\"canonical\" href=\"https:\/\/www.innomatiques.com\/seo\/evaluation-gratuite\/\" \/>\n<meta property=\"og:locale\" content=\"fr_FR\" \/>\n<meta property=\"og:type\" content=\"article\" \/>\n<meta property=\"og:title\" content=\"\u00c9valuation Gratuite - Agence Web Marketing, Publicit\u00e9s \u2013 Innomatiques\" \/>\n<meta property=\"og:description\" content=\"Demandez votre \u00e9valuation gratuite en marketing Web et en conception de sites Web. Nos conseils ont permis \u00e0 plus de 250 entreprises de cro\u00eetre.\" \/>\n<meta property=\"og:url\" content=\"https:\/\/www.innomatiques.com\/seo\/evaluation-gratuite\/\" \/>\n<meta property=\"og:site_name\" content=\"Innomatiques Agence Web\" \/>\n<meta property=\"article:modified_time\" content=\"2019-11-18T13:54:32+00:00\" \/>\n<meta property=\"og:image\" content=\"https:\/\/www.innomatiques.com\/seo\/wp-content\/uploads\/2016\/05\/facebook-2-c.jpg\" \/>\n\t<meta property=\"og:image:width\" content=\"1200\" \/>\n\t<meta property=\"og:image:height\" content=\"628\" \/>\n\t<meta property=\"og:image:type\" content=\"image\/jpeg\" \/>\n<meta name=\"twitter:card\" content=\"summary_large_image\" \/>\n<meta name=\"twitter:image\" content=\"http:\/\/www.innomatiques.com\/seo\/wp-content\/uploads\/2016\/05\/facebook-2-c.jpg\" \/>\n<meta name=\"twitter:label1\" content=\"Dur\u00e9e de lecture estim\u00e9e\" \/>\n\t<meta name=\"twitter:data1\" content=\"5 minutes\" \/>\n<script type=\"application\/ld+json\" class=\"yoast-schema-graph\">{\"@context\":\"https:\\\/\\\/schema.org\",\"@graph\":[{\"@type\":\"WebPage\",\"@id\":\"https:\\\/\\\/www.innomatiques.com\\\/seo\\\/evaluation-gratuite\\\/\",\"url\":\"https:\\\/\\\/www.innomatiques.com\\\/seo\\\/evaluation-gratuite\\\/\",\"name\":\"\u00c9valuation Gratuite - Agence Web Marketing, Publicit\u00e9s \u2013 Innomatiques\",\"isPartOf\":{\"@id\":\"https:\\\/\\\/www.innomatiques.com\\\/seo\\\/#website\"},\"primaryImageOfPage\":{\"@id\":\"https:\\\/\\\/www.innomatiques.com\\\/seo\\\/evaluation-gratuite\\\/#primaryimage\"},\"image\":{\"@id\":\"https:\\\/\\\/www.innomatiques.com\\\/seo\\\/evaluation-gratuite\\\/#primaryimage\"},\"thumbnailUrl\":\"http:\\\/\\\/www.innomatiques.com\\\/seo\\\/wp-content\\\/uploads\\\/2016\\\/05\\\/logos-clients4.png\",\"datePublished\":\"2016-05-05T14:16:36+00:00\",\"dateModified\":\"2019-11-18T13:54:32+00:00\",\"description\":\"Demandez votre \u00e9valuation gratuite en marketing Web et en conception de sites Web. Nos conseils ont permis \u00e0 plus de 250 entreprises de cro\u00eetre.\",\"breadcrumb\":{\"@id\":\"https:\\\/\\\/www.innomatiques.com\\\/seo\\\/evaluation-gratuite\\\/#breadcrumb\"},\"inLanguage\":\"fr-FR\",\"potentialAction\":[{\"@type\":\"ReadAction\",\"target\":[\"https:\\\/\\\/www.innomatiques.com\\\/seo\\\/evaluation-gratuite\\\/\"]}]},{\"@type\":\"ImageObject\",\"inLanguage\":\"fr-FR\",\"@id\":\"https:\\\/\\\/www.innomatiques.com\\\/seo\\\/evaluation-gratuite\\\/#primaryimage\",\"url\":\"https:\\\/\\\/www.innomatiques.com\\\/seo\\\/wp-content\\\/uploads\\\/2016\\\/05\\\/logos-clients4.png\",\"contentUrl\":\"https:\\\/\\\/www.innomatiques.com\\\/seo\\\/wp-content\\\/uploads\\\/2016\\\/05\\\/logos-clients4.png\",\"width\":1096,\"height\":225},{\"@type\":\"BreadcrumbList\",\"@id\":\"https:\\\/\\\/www.innomatiques.com\\\/seo\\\/evaluation-gratuite\\\/#breadcrumb\",\"itemListElement\":[{\"@type\":\"ListItem\",\"position\":1,\"name\":\"Accueil\",\"item\":\"https:\\\/\\\/www.innomatiques.com\\\/seo\\\/\"},{\"@type\":\"ListItem\",\"position\":2,\"name\":\"\u00c9valuation gratuite\"}]},{\"@type\":\"WebSite\",\"@id\":\"https:\\\/\\\/www.innomatiques.com\\\/seo\\\/#website\",\"url\":\"https:\\\/\\\/www.innomatiques.com\\\/seo\\\/\",\"name\":\"Innomatiques Agence Web\",\"description\":\"\",\"potentialAction\":[{\"@type\":\"SearchAction\",\"target\":{\"@type\":\"EntryPoint\",\"urlTemplate\":\"https:\\\/\\\/www.innomatiques.com\\\/seo\\\/?s={search_term_string}\"},\"query-input\":{\"@type\":\"PropertyValueSpecification\",\"valueRequired\":true,\"valueName\":\"search_term_string\"}}],\"inLanguage\":\"fr-FR\"},false]}<\/script>\n<!-- \/ Yoast SEO plugin. -->","yoast_head_json":{"title":"\u00c9valuation Gratuite - Agence Web Marketing, Publicit\u00e9s \u2013 Innomatiques","description":"Demandez votre \u00e9valuation gratuite en marketing Web et en conception de sites Web. Nos conseils ont permis \u00e0 plus de 250 entreprises de cro\u00eetre.","robots":{"index":"index","follow":"follow","max-snippet":"max-snippet:-1","max-image-preview":"max-image-preview:large","max-video-preview":"max-video-preview:-1"},"canonical":"https:\/\/www.innomatiques.com\/seo\/evaluation-gratuite\/","og_locale":"fr_FR","og_type":"article","og_title":"\u00c9valuation Gratuite - Agence Web Marketing, Publicit\u00e9s \u2013 Innomatiques","og_description":"Demandez votre \u00e9valuation gratuite en marketing Web et en conception de sites Web. Nos conseils ont permis \u00e0 plus de 250 entreprises de cro\u00eetre.","og_url":"https:\/\/www.innomatiques.com\/seo\/evaluation-gratuite\/","og_site_name":"Innomatiques Agence Web","article_modified_time":"2019-11-18T13:54:32+00:00","og_image":[{"width":1200,"height":628,"url":"https:\/\/www.innomatiques.com\/seo\/wp-content\/uploads\/2016\/05\/facebook-2-c.jpg","type":"image\/jpeg"}],"twitter_card":"summary_large_image","twitter_image":"http:\/\/www.innomatiques.com\/seo\/wp-content\/uploads\/2016\/05\/facebook-2-c.jpg","twitter_misc":{"Dur\u00e9e de lecture estim\u00e9e":"5 minutes"},"schema":{"@context":"https:\/\/schema.org","@graph":[{"@type":"WebPage","@id":"https:\/\/www.innomatiques.com\/seo\/evaluation-gratuite\/","url":"https:\/\/www.innomatiques.com\/seo\/evaluation-gratuite\/","name":"\u00c9valuation Gratuite - Agence Web Marketing, Publicit\u00e9s \u2013 Innomatiques","isPartOf":{"@id":"https:\/\/www.innomatiques.com\/seo\/#website"},"primaryImageOfPage":{"@id":"https:\/\/www.innomatiques.com\/seo\/evaluation-gratuite\/#primaryimage"},"image":{"@id":"https:\/\/www.innomatiques.com\/seo\/evaluation-gratuite\/#primaryimage"},"thumbnailUrl":"http:\/\/www.innomatiques.com\/seo\/wp-content\/uploads\/2016\/05\/logos-clients4.png","datePublished":"2016-05-05T14:16:36+00:00","dateModified":"2019-11-18T13:54:32+00:00","description":"Demandez votre \u00e9valuation gratuite en marketing Web et en conception de sites Web. Nos conseils ont permis \u00e0 plus de 250 entreprises de cro\u00eetre.","breadcrumb":{"@id":"https:\/\/www.innomatiques.com\/seo\/evaluation-gratuite\/#breadcrumb"},"inLanguage":"fr-FR","potentialAction":[{"@type":"ReadAction","target":["https:\/\/www.innomatiques.com\/seo\/evaluation-gratuite\/"]}]},{"@type":"ImageObject","inLanguage":"fr-FR","@id":"https:\/\/www.innomatiques.com\/seo\/evaluation-gratuite\/#primaryimage","url":"https:\/\/www.innomatiques.com\/seo\/wp-content\/uploads\/2016\/05\/logos-clients4.png","contentUrl":"https:\/\/www.innomatiques.com\/seo\/wp-content\/uploads\/2016\/05\/logos-clients4.png","width":1096,"height":225},{"@type":"BreadcrumbList","@id":"https:\/\/www.innomatiques.com\/seo\/evaluation-gratuite\/#breadcrumb","itemListElement":[{"@type":"ListItem","position":1,"name":"Accueil","item":"https:\/\/www.innomatiques.com\/seo\/"},{"@type":"ListItem","position":2,"name":"\u00c9valuation gratuite"}]},{"@type":"WebSite","@id":"https:\/\/www.innomatiques.com\/seo\/#website","url":"https:\/\/www.innomatiques.com\/seo\/","name":"Innomatiques Agence Web","description":"","potentialAction":[{"@type":"SearchAction","target":{"@type":"EntryPoint","urlTemplate":"https:\/\/www.innomatiques.com\/seo\/?s={search_term_string}"},"query-input":{"@type":"PropertyValueSpecification","valueRequired":true,"valueName":"search_term_string"}}],"inLanguage":"fr-FR"},false]}},"yasr_visitor_votes":{"stars_attributes":{"read_only":false,"span_bottom":false},"number_of_votes":0,"sum_votes":0},"_links":{"self":[{"href":"https:\/\/www.innomatiques.com\/seo\/wp-json\/wp\/v2\/pages\/4731","targetHints":{"allow":["GET"]}}],"collection":[{"href":"https:\/\/www.innomatiques.com\/seo\/wp-json\/wp\/v2\/pages"}],"about":[{"href":"https:\/\/www.innomatiques.com\/seo\/wp-json\/wp\/v2\/types\/page"}],"author":[{"embeddable":true,"href":"https:\/\/www.innomatiques.com\/seo\/wp-json\/wp\/v2\/users\/1"}],"replies":[{"embeddable":true,"href":"https:\/\/www.innomatiques.com\/seo\/wp-json\/wp\/v2\/comments?post=4731"}],"version-history":[{"count":109,"href":"https:\/\/www.innomatiques.com\/seo\/wp-json\/wp\/v2\/pages\/4731\/revisions"}],"predecessor-version":[{"id":5307,"href":"https:\/\/www.innomatiques.com\/seo\/wp-json\/wp\/v2\/pages\/4731\/revisions\/5307"}],"wp:attachment":[{"href":"https:\/\/www.innomatiques.com\/seo\/wp-json\/wp\/v2\/media?parent=4731"}],"curies":[{"name":"wp","href":"https:\/\/api.w.org\/{rel}","templated":true}]}}