{"id":4700,"date":"2016-03-22T18:23:07","date_gmt":"2016-03-22T17:23:07","guid":{"rendered":"http:\/\/www.innomatiques.com\/seo\/?page_id=4700"},"modified":"2016-06-20T17:50:30","modified_gmt":"2016-06-20T16:50:30","slug":"referencement-laval","status":"publish","type":"page","link":"https:\/\/www.innomatiques.com\/seo\/referencement-laval\/","title":{"rendered":"R\u00e9f\u00e9rencement Laval"},"content":{"rendered":"<div class=\"row row-edge  \" >\n<div class=\"col-md-12\">\n<div class=\"cherry-spacer  \" style=\"height:80px;\"><\/div>\n<\/div>\n<\/div>\n<div class=\"row  \" ><div class=\"container\"><div class=\"row row-edge\">\n<div class=\"col-md-12\">\n<div class=\"motopress-text-obj\">\n<h5 style=\"text-align: center;\"><span style=\"color: #4eb7fe;\">Notori\u00e9t\u00e9 Google<\/span><\/h5>\n<h2 style=\"text-align: center;\">Strat\u00e9gies de r\u00e9f\u00e9rencement Web \u00e0 Laval<\/h2>\n<p style=\"text-align: center;\">Le r\u00e9f\u00e9rencement Web ou Internet est bas\u00e9 sur le m\u00eame principe que le bouche \u00e0 oreille. Les r\u00e9f\u00e9rences sont des liens externes dirig\u00e9s vers votre site Web. Le but est d\u2019augmenter la notori\u00e9t\u00e9 d\u2019un site Web. Nous proposons la cr\u00e9ation de liens optimis\u00e9s sur des sites externes de qualit\u00e9 reli\u00e9s \u00e0 votre secteur d&#8217;activit\u00e9. Le r\u00e9f\u00e9rencement sera votre derni\u00e8re \u00e9tape dans votre strat\u00e9gie de positionnement naturel. Nous offrons un service de qualit\u00e9 \u00e0 ce qui concernant le SEO et le r\u00e9f\u00e9rencement pour la ville de Laval et les environs. <a href=\"http:\/\/www.innomatiques.com\/seo\/laval\/\" title=\"\u00c9valuation SEO Laval\">\u00c9valuation de vos besoins<\/a>, sans frais.<\/p>\n<\/div>\n<\/div>\n<\/div><\/div><\/div>\n<div class=\"row row-edge  \" >\n<div class=\"col-md-12\">\n<div class=\"cherry-spacer  \" style=\"height:80px;\"><\/div>\n<\/div>\n<\/div>\n<div class=\"row  \" ><div class=\"container\"><div class=\"row row-edge\">\n<div class=\"col-md-12\">\n<div class=\"motopress-text-obj\">\n<h2 style=\"text-align: center;\">Nos forfaits de r\u00e9f\u00e9rencement<\/h2>\n<\/div>\n<\/div>\n<\/div><\/div><\/div>\n<div class=\"row row-edge  \" >\n<div class=\"col-md-12\">\n<div class=\"cherry-spacer  \" style=\"height:50px;\"><\/div>\n<\/div>\n<\/div>\n<div class=\"row  \" ><div class=\"container\"><div class=\"row row-edge\">\n<div class=\"col-xs-12 col-sm-12 col-md-12 col-lg-10 col-xs-offset-0 col-sm-offset-0 col-md-offset-0 col-lg-offset-1\">\n<div class=\"cherry-services boxed-layout\"><div class=\"row\"><div class=\"services-listing\"><div id=\"services-4172\" class=\"cherry-services_item item-1 clearfix odd col-xs-12 clear-col-xs col-sm-4 clear-col-sm col-md-4 clear-col-md col-lg-4 clear-col-lg\"><div class=\"price-box template-5\">\r\n  <div class=\"head\">\r\n    <div class=\"featured color-link-background\">\r\n      <div class=\"title color-white\">Meilleur<\/div>\r\n    <\/div>\r\n    <div class=\"post-content\"><h3 class=\"cherry-services_title\">Plus<\/h3>\n<\/div>\r\n    <div class=\"cherry-services_price\">425<sup>$<\/sup><sup class=\"small\">\/mois<\/sup><\/div>\r\n  <\/div>\r\n  <div class=\"desc color-gray-background\">\r\n    <div class=\"features\">\r\n      <div class=\"cherry-services_feauters\"><ul>\r\n<li>Strat\u00e9gie de r\u00e9f\u00e9rencement bas\u00e9e sur <strong>3 mois<\/strong>.<\/li>\r\n<li>Rapport de progression des r\u00e9f\u00e9rences \u00e0 partir de la Google Search Console.\t<\/li>\r\n<li><\/li>\r\n<\/ul><\/div>\r\n    <\/div>\r\n  <a href=\"http:\/\/www.innomatiques.com\/seo\/nous-joindre\/\" class=\"cherry-btn cherry-btn-small\">Choisir<\/a>\r\n  <\/div>\r\n<\/div><\/div><!--\/.services-item--><div id=\"services-4173\" class=\"cherry-services_item item-2 clearfix even col-xs-12 clear-col-xs col-sm-4 col-md-4 col-lg-4\"><div class=\"price-box template-5\">\r\n  <div class=\"head\">\r\n    <div class=\"featured color-link-background\">\r\n      <div class=\"title color-white\">Meilleur<\/div>\r\n    <\/div>\r\n    <div class=\"post-content\"><h3 class=\"cherry-services_title\">Ultra<\/h3>\n<\/div>\r\n    <div class=\"cherry-services_price\">395<sup>$<\/sup><sup class=\"small\">\/mois<\/sup><\/div>\r\n  <\/div>\r\n  <div class=\"desc color-gray-background\">\r\n    <div class=\"features\">\r\n      <div class=\"cherry-services_feauters\"><ul>\r\n<li>Strat\u00e9gie de r\u00e9f\u00e9rencement bas\u00e9e sur <strong>6 mois<\/strong>.<\/li>\r\n<li>Rapport de progression des r\u00e9f\u00e9rences \u00e0 partir de la Google Search Console.\t<\/li>\r\n<li><\/li>\r\n<\/ul><\/div>\r\n    <\/div>\r\n  <a href=\"http:\/\/www.innomatiques.com\/seo\/nous-joindre\/\" class=\"cherry-btn cherry-btn-small\">Choisir<\/a>\r\n  <\/div>\r\n<\/div><\/div><!--\/.services-item--><div id=\"services-4174\" class=\"cherry-services_item item-3 clearfix odd col-xs-12 clear-col-xs col-sm-4 col-md-4 col-lg-4 featured-service\"><div class=\"price-box template-5\">\r\n  <div class=\"head\">\r\n    <div class=\"featured color-link-background\">\r\n      <div class=\"title color-white\">Meilleur<\/div>\r\n    <\/div>\r\n    <div class=\"post-content\"><h3 class=\"cherry-services_title\">M\u00e9ga<\/h3>\n<\/div>\r\n    <div class=\"cherry-services_price\">325<sup>$<\/sup><sup class=\"small\">\/mois<\/sup><\/div>\r\n  <\/div>\r\n  <div class=\"desc color-gray-background\">\r\n    <div class=\"features\">\r\n      <div class=\"cherry-services_feauters\"><ul>\r\n<li>Strat\u00e9gie de r\u00e9f\u00e9rencement bas\u00e9e sur <strong>12 mois<\/strong>.<\/li>\r\n<li>Rapport de progression des r\u00e9f\u00e9rences \u00e0 partir de la Google Search Console.\t<\/li>\r\n<li><\/li>\r\n<\/ul><\/div>\r\n    <\/div>\r\n  <a href=\"http:\/\/www.innomatiques.com\/seo\/nous-joindre\/\" class=\"cherry-btn cherry-btn-small\">Choisir<\/a>\r\n  <\/div>\r\n<\/div><\/div><!--\/.services-item--><\/div><\/div><\/div>\n<p>Prix \u00e0 partir de. Les plans de r\u00e9f\u00e9rencement Web seront \u00e9valu\u00e9s selon la comp\u00e9tition de votre secteur d\u2019activit\u00e9 et la langue de positionnement. Il vous faut savoir qu&#8217;un d\u00e9lai de 5 \u00e0 8 mois est n\u00e9cessaire pour percevoir les r\u00e9sultats du positionnement naturel avec Google.<\/p>\n<\/p>\n<\/div>\n<\/div><\/div><\/div>\n","protected":false},"excerpt":{"rendered":"","protected":false},"author":1,"featured_media":4169,"parent":0,"menu_order":0,"comment_status":"closed","ping_status":"closed","template":"","meta":{"yasr_overall_rating":0,"yasr_post_is_review":"","yasr_auto_insert_disabled":"","yasr_review_type":"","footnotes":""},"class_list":["post-4700","page","type-page","status-publish","has-post-thumbnail","hentry"],"yoast_head":"<!-- This site is optimized with the Yoast SEO plugin v27.5 - https:\/\/yoast.com\/product\/yoast-seo-wordpress\/ -->\n<title>R\u00e9f\u00e9rencement Laval, Internet, SEO\u00a0- Innomatiques Agence Web<\/title>\n<meta name=\"description\" content=\"Agence Web sp\u00e9cialis\u00e9e dans les strat\u00e9gies de r\u00e9f\u00e9rencement Internet pour Laval et les environs. L&#039;entreprise est dans la r\u00e9gion de Laval depuis plus de 15 ans.\" \/>\n<meta name=\"robots\" content=\"index, follow, max-snippet:-1, max-image-preview:large, max-video-preview:-1\" \/>\n<link rel=\"canonical\" href=\"https:\/\/www.innomatiques.com\/seo\/referencement-laval\/\" \/>\n<meta property=\"og:locale\" content=\"fr_FR\" \/>\n<meta property=\"og:type\" content=\"article\" \/>\n<meta property=\"og:title\" content=\"R\u00e9f\u00e9rencement Laval, Internet, SEO\u00a0- Innomatiques Agence Web\" \/>\n<meta property=\"og:description\" content=\"Agence Web sp\u00e9cialis\u00e9e dans les strat\u00e9gies de r\u00e9f\u00e9rencement Internet pour Laval et les environs. L&#039;entreprise est dans la r\u00e9gion de Laval depuis plus de 15 ans.\" \/>\n<meta property=\"og:url\" content=\"https:\/\/www.innomatiques.com\/seo\/referencement-laval\/\" \/>\n<meta property=\"og:site_name\" content=\"Innomatiques Agence Web\" \/>\n<meta property=\"article:modified_time\" content=\"2016-06-20T16:50:30+00:00\" \/>\n<meta property=\"og:image\" content=\"https:\/\/www.innomatiques.com\/seo\/wp-content\/uploads\/2015\/09\/referencement1.jpg\" \/>\n\t<meta property=\"og:image:width\" content=\"2048\" \/>\n\t<meta property=\"og:image:height\" content=\"465\" \/>\n\t<meta property=\"og:image:type\" content=\"image\/jpeg\" \/>\n<meta name=\"twitter:card\" content=\"summary_large_image\" \/>\n<meta name=\"twitter:label1\" content=\"Dur\u00e9e de lecture estim\u00e9e\" \/>\n\t<meta name=\"twitter:data1\" content=\"2 minutes\" \/>\n<script type=\"application\/ld+json\" class=\"yoast-schema-graph\">{\"@context\":\"https:\\\/\\\/schema.org\",\"@graph\":[{\"@type\":\"WebPage\",\"@id\":\"https:\\\/\\\/www.innomatiques.com\\\/seo\\\/referencement-laval\\\/\",\"url\":\"https:\\\/\\\/www.innomatiques.com\\\/seo\\\/referencement-laval\\\/\",\"name\":\"R\u00e9f\u00e9rencement Laval, Internet, SEO\u00a0- Innomatiques Agence Web\",\"isPartOf\":{\"@id\":\"https:\\\/\\\/www.innomatiques.com\\\/seo\\\/#website\"},\"primaryImageOfPage\":{\"@id\":\"https:\\\/\\\/www.innomatiques.com\\\/seo\\\/referencement-laval\\\/#primaryimage\"},\"image\":{\"@id\":\"https:\\\/\\\/www.innomatiques.com\\\/seo\\\/referencement-laval\\\/#primaryimage\"},\"thumbnailUrl\":\"https:\\\/\\\/www.innomatiques.com\\\/seo\\\/wp-content\\\/uploads\\\/2015\\\/09\\\/referencement1.jpg\",\"datePublished\":\"2016-03-22T17:23:07+00:00\",\"dateModified\":\"2016-06-20T16:50:30+00:00\",\"description\":\"Agence Web sp\u00e9cialis\u00e9e dans les strat\u00e9gies de r\u00e9f\u00e9rencement Internet pour Laval et les environs. L'entreprise est dans la r\u00e9gion de Laval depuis plus de 15 ans.\",\"breadcrumb\":{\"@id\":\"https:\\\/\\\/www.innomatiques.com\\\/seo\\\/referencement-laval\\\/#breadcrumb\"},\"inLanguage\":\"fr-FR\",\"potentialAction\":[{\"@type\":\"ReadAction\",\"target\":[\"https:\\\/\\\/www.innomatiques.com\\\/seo\\\/referencement-laval\\\/\"]}]},{\"@type\":\"ImageObject\",\"inLanguage\":\"fr-FR\",\"@id\":\"https:\\\/\\\/www.innomatiques.com\\\/seo\\\/referencement-laval\\\/#primaryimage\",\"url\":\"https:\\\/\\\/www.innomatiques.com\\\/seo\\\/wp-content\\\/uploads\\\/2015\\\/09\\\/referencement1.jpg\",\"contentUrl\":\"https:\\\/\\\/www.innomatiques.com\\\/seo\\\/wp-content\\\/uploads\\\/2015\\\/09\\\/referencement1.jpg\",\"width\":2048,\"height\":465},{\"@type\":\"BreadcrumbList\",\"@id\":\"https:\\\/\\\/www.innomatiques.com\\\/seo\\\/referencement-laval\\\/#breadcrumb\",\"itemListElement\":[{\"@type\":\"ListItem\",\"position\":1,\"name\":\"Accueil\",\"item\":\"https:\\\/\\\/www.innomatiques.com\\\/seo\\\/\"},{\"@type\":\"ListItem\",\"position\":2,\"name\":\"R\u00e9f\u00e9rencement Laval\"}]},{\"@type\":\"WebSite\",\"@id\":\"https:\\\/\\\/www.innomatiques.com\\\/seo\\\/#website\",\"url\":\"https:\\\/\\\/www.innomatiques.com\\\/seo\\\/\",\"name\":\"Innomatiques Agence Web\",\"description\":\"\",\"potentialAction\":[{\"@type\":\"SearchAction\",\"target\":{\"@type\":\"EntryPoint\",\"urlTemplate\":\"https:\\\/\\\/www.innomatiques.com\\\/seo\\\/?s={search_term_string}\"},\"query-input\":{\"@type\":\"PropertyValueSpecification\",\"valueRequired\":true,\"valueName\":\"search_term_string\"}}],\"inLanguage\":\"fr-FR\"},false]}<\/script>\n<!-- \/ Yoast SEO plugin. -->","yoast_head_json":{"title":"R\u00e9f\u00e9rencement Laval, Internet, SEO\u00a0- Innomatiques Agence Web","description":"Agence Web sp\u00e9cialis\u00e9e dans les strat\u00e9gies de r\u00e9f\u00e9rencement Internet pour Laval et les environs. L'entreprise est dans la r\u00e9gion de Laval depuis plus de 15 ans.","robots":{"index":"index","follow":"follow","max-snippet":"max-snippet:-1","max-image-preview":"max-image-preview:large","max-video-preview":"max-video-preview:-1"},"canonical":"https:\/\/www.innomatiques.com\/seo\/referencement-laval\/","og_locale":"fr_FR","og_type":"article","og_title":"R\u00e9f\u00e9rencement Laval, Internet, SEO\u00a0- Innomatiques Agence Web","og_description":"Agence Web sp\u00e9cialis\u00e9e dans les strat\u00e9gies de r\u00e9f\u00e9rencement Internet pour Laval et les environs. L'entreprise est dans la r\u00e9gion de Laval depuis plus de 15 ans.","og_url":"https:\/\/www.innomatiques.com\/seo\/referencement-laval\/","og_site_name":"Innomatiques Agence Web","article_modified_time":"2016-06-20T16:50:30+00:00","og_image":[{"width":2048,"height":465,"url":"https:\/\/www.innomatiques.com\/seo\/wp-content\/uploads\/2015\/09\/referencement1.jpg","type":"image\/jpeg"}],"twitter_card":"summary_large_image","twitter_misc":{"Dur\u00e9e de lecture estim\u00e9e":"2 minutes"},"schema":{"@context":"https:\/\/schema.org","@graph":[{"@type":"WebPage","@id":"https:\/\/www.innomatiques.com\/seo\/referencement-laval\/","url":"https:\/\/www.innomatiques.com\/seo\/referencement-laval\/","name":"R\u00e9f\u00e9rencement Laval, Internet, SEO\u00a0- Innomatiques Agence Web","isPartOf":{"@id":"https:\/\/www.innomatiques.com\/seo\/#website"},"primaryImageOfPage":{"@id":"https:\/\/www.innomatiques.com\/seo\/referencement-laval\/#primaryimage"},"image":{"@id":"https:\/\/www.innomatiques.com\/seo\/referencement-laval\/#primaryimage"},"thumbnailUrl":"https:\/\/www.innomatiques.com\/seo\/wp-content\/uploads\/2015\/09\/referencement1.jpg","datePublished":"2016-03-22T17:23:07+00:00","dateModified":"2016-06-20T16:50:30+00:00","description":"Agence Web sp\u00e9cialis\u00e9e dans les strat\u00e9gies de r\u00e9f\u00e9rencement Internet pour Laval et les environs. L'entreprise est dans la r\u00e9gion de Laval depuis plus de 15 ans.","breadcrumb":{"@id":"https:\/\/www.innomatiques.com\/seo\/referencement-laval\/#breadcrumb"},"inLanguage":"fr-FR","potentialAction":[{"@type":"ReadAction","target":["https:\/\/www.innomatiques.com\/seo\/referencement-laval\/"]}]},{"@type":"ImageObject","inLanguage":"fr-FR","@id":"https:\/\/www.innomatiques.com\/seo\/referencement-laval\/#primaryimage","url":"https:\/\/www.innomatiques.com\/seo\/wp-content\/uploads\/2015\/09\/referencement1.jpg","contentUrl":"https:\/\/www.innomatiques.com\/seo\/wp-content\/uploads\/2015\/09\/referencement1.jpg","width":2048,"height":465},{"@type":"BreadcrumbList","@id":"https:\/\/www.innomatiques.com\/seo\/referencement-laval\/#breadcrumb","itemListElement":[{"@type":"ListItem","position":1,"name":"Accueil","item":"https:\/\/www.innomatiques.com\/seo\/"},{"@type":"ListItem","position":2,"name":"R\u00e9f\u00e9rencement Laval"}]},{"@type":"WebSite","@id":"https:\/\/www.innomatiques.com\/seo\/#website","url":"https:\/\/www.innomatiques.com\/seo\/","name":"Innomatiques Agence Web","description":"","potentialAction":[{"@type":"SearchAction","target":{"@type":"EntryPoint","urlTemplate":"https:\/\/www.innomatiques.com\/seo\/?s={search_term_string}"},"query-input":{"@type":"PropertyValueSpecification","valueRequired":true,"valueName":"search_term_string"}}],"inLanguage":"fr-FR"},false]}},"yasr_visitor_votes":{"stars_attributes":{"read_only":false,"span_bottom":false},"number_of_votes":0,"sum_votes":0},"_links":{"self":[{"href":"https:\/\/www.innomatiques.com\/seo\/wp-json\/wp\/v2\/pages\/4700","targetHints":{"allow":["GET"]}}],"collection":[{"href":"https:\/\/www.innomatiques.com\/seo\/wp-json\/wp\/v2\/pages"}],"about":[{"href":"https:\/\/www.innomatiques.com\/seo\/wp-json\/wp\/v2\/types\/page"}],"author":[{"embeddable":true,"href":"https:\/\/www.innomatiques.com\/seo\/wp-json\/wp\/v2\/users\/1"}],"replies":[{"embeddable":true,"href":"https:\/\/www.innomatiques.com\/seo\/wp-json\/wp\/v2\/comments?post=4700"}],"version-history":[{"count":5,"href":"https:\/\/www.innomatiques.com\/seo\/wp-json\/wp\/v2\/pages\/4700\/revisions"}],"predecessor-version":[{"id":4935,"href":"https:\/\/www.innomatiques.com\/seo\/wp-json\/wp\/v2\/pages\/4700\/revisions\/4935"}],"wp:featuredmedia":[{"embeddable":true,"href":"https:\/\/www.innomatiques.com\/seo\/wp-json\/wp\/v2\/media\/4169"}],"wp:attachment":[{"href":"https:\/\/www.innomatiques.com\/seo\/wp-json\/wp\/v2\/media?parent=4700"}],"curies":[{"name":"wp","href":"https:\/\/api.w.org\/{rel}","templated":true}]}}