{"id":4182,"date":"2015-09-23T17:45:46","date_gmt":"2015-09-23T16:45:46","guid":{"rendered":"http:\/\/www.innomatiques.com\/seo\/?page_id=4182"},"modified":"2022-11-25T14:18:08","modified_gmt":"2022-11-25T13:18:08","slug":"creation-sites-web-optimise","status":"publish","type":"page","link":"https:\/\/www.innomatiques.com\/seo\/creation-sites-web-optimise\/","title":{"rendered":"Cr\u00e9ation de sites Web"},"content":{"rendered":"<div class=\"row row-edge  \" >\n<div class=\"col-md-12\">\n<div class=\"cherry-spacer  \" style=\"height:80px;\"><\/div>\n<\/div>\n<\/div>\n<div class=\"row  \" ><div class=\"container\"><div class=\"row row-edge\">\n<div class=\"col-md-12\">\n<div class=\"motopress-text-obj\">\n<h5 style=\"text-align: center;\"><span style=\"color: #4eb7fe;\">Agence Web Laval<\/span><\/h5>\n<h2 style=\"text-align: center;\">Cr\u00e9ation de sites Web performants et rentables<\/h2>\n<p style=\"text-align: center;\">Priorisez un site Web qui sera en mesure de propulser vos produits ou vos services dans les r\u00e9sultats de recherche. Nous conseillons, analysons et cr\u00e9ons des solutions Web adapt\u00e9es \u00e0 vos objectifs d&#8217;affaires tout en respectant les normes d&#8217;optimisation (SEO) pour les moteurs de recherche. Depuis 1997, nous d\u00e9veloppons, selon vos besoins, des sites Web professionnels, performants, optimis\u00e9s pour Google et \u00e0 partir du gestionnaire de contenu WordPress.<\/p>\n<\/div>\n<\/div>\n<\/div><\/div><\/div>\n<div class=\"row row-edge  \" >\n<div class=\"col-md-12\">\n<div class=\"cherry-spacer  \" style=\"height:80px;\"><\/div>\n<\/div>\n<\/div>\n<div class=\"row  \" ><div class=\"container\"><div class=\"row row-edge\">\n<div class=\"col-md-12\">\n<div class=\"motopress-text-obj\">\n<h2 style=\"text-align: center;\">Nos forfaits de conception Web<\/h2>\n<\/div>\n<\/div>\n<\/div><\/div><\/div>\n<div class=\"row  padding-top-80 padding-bottom-80\" ><div class=\"container\"><div class=\"row row-edge\">\n<div class=\"row row-edge  \" >\n<div class=\"col-md-12\">\n<div class=\"cherry-spacer  \" style=\"height:48px;\"><\/div>\n<\/div>\n<\/div>\n<div class=\"row row-edge  \" >\n<div class=\"col-xs-12 col-sm-12 col-md-2  motopress-margin-bottom-20\">\n<div class=\"motopress-code-obj\">\n<div class=\"cherry-spacer  \" style=\"height:78px;\"><\/div>\n<h5 style=\"text-align: right;\">Options disponibles<\/h5>\n<div class=\"cherry-spacer  \" style=\"height:5px;\"><\/div><div class=\"cherry-list image-icon cherry-list_8470  services-list \">\n<ul>\n<li>Nombres de page<\/li>\n<li>Optimisation<\/li>\n<li>Design sur mesure<\/li>\n<li>Version mobile<\/li>\n<li>H\u00e9bergement 1 an<\/li>\n<li>Nom de domaine<\/li>\n<li>Site web bilingue<\/li>\n<li>Site Web WordPress<\/li>\n<\/ul>\n<style>.cherry-list_8470 ul li:before {background-image: url(); }<\/style><\/div>\n<\/div>\n<\/div>\n<div class=\"col-xs-12 col-sm-12 col-md-10\">\n<div class=\"cherry-services boxed-layout\"><div class=\"row\"><div class=\"services-listing\"><div id=\"services-4192\" class=\"cherry-services_item item-1 clearfix odd col-xs-12 clear-col-xs col-sm-6 clear-col-sm col-md-6 clear-col-md col-lg-6 clear-col-lg\"><div class=\"price-box template-2\">\r\n  <div class=\"head\">\r\n    <div class=\"featured\">\r\n      <div class=\"title\">Most Popular<\/div>\r\n    <\/div>\r\n    \r\n    <div class=\"post-content\"><h3 class=\"cherry-services_title\">Base<\/h3>\n<\/div>\r\n    <div class=\"cherry-services_price\">4 900<sup>$<\/sup><sup class=\"small\"> \/\u00e0 partir<\/sup><\/div>\r\n  <\/div>\r\n  <div class=\"desc\">\r\n    <div class=\"features\">\r\n      <div class=\"cherry-services_feauters\"><ul>\r\n<li><strong>10 pages<\/strong> inclus<\/li>\r\n<li class=\"full\"><i class=\"fa fa-check\"><\/i><\/li>\r\n<li class=\"full\"><i class=\"fa fa-check\"><\/i><\/li>\r\n<li class=\"full\"><i class=\"fa fa-check\"><\/i><\/li>\r\n<li class=\"full\"><i class=\"fa fa-check\"><\/i><\/li>\r\n<li class=\"full\"><i class=\"fa fa-check\"><\/i><\/li>\r\n<li class=\"full\"><i class=\"fa fa-times\"><\/i><\/li>\r\n<li class=\"full\"><i class=\"fa fa-check\"><\/i><\/li>\r\n<li><\/li>\r\n<\/ul><\/div>\r\n    <\/div>\r\n    <a href=\"http:\/\/www.innomatiques.com\/seo\/nous-joindre\/\" class=\"cherry-btn cherry-btn-small cherry-btn-gray\">Choisir<\/a>\r\n  <\/div>\r\n<\/div><\/div><!--\/.services-item--><div id=\"services-4193\" class=\"cherry-services_item item-2 clearfix even col-xs-12 clear-col-xs col-sm-6 col-md-6 col-lg-6\"><div class=\"price-box template-2\">\r\n  <div class=\"head\">\r\n    <div class=\"featured\">\r\n      <div class=\"title\">Most Popular<\/div>\r\n    <\/div>\r\n    \r\n    <div class=\"post-content\"><h3 class=\"cherry-services_title\">Pro<\/h3>\n<\/div>\r\n    <div class=\"cherry-services_price\">5 399<sup>$<\/sup><sup class=\"small\"> \/\u00e0 partir<\/sup><\/div>\r\n  <\/div>\r\n  <div class=\"desc\">\r\n    <div class=\"features\">\r\n      <div class=\"cherry-services_feauters\"><ul>\r\n<li><strong>20 pages<\/strong> inclus<\/li>\r\n<li class=\"full\"><i class=\"fa fa-check\"><\/i><\/li>\r\n<li class=\"full\"><i class=\"fa fa-check\"><\/i><\/li>\r\n<li class=\"full\"><i class=\"fa fa-check\"><\/i><\/li>\r\n<li class=\"full\"><i class=\"fa fa-check\"><\/i><\/li>\r\n<li class=\"full\"><i class=\"fa fa-check\"><\/i><\/li>\r\n<li class=\"full\"><i class=\"fa fa-check\"><\/i><\/li>\r\n<li class=\"full\"><i class=\"fa fa-check\"><\/i><\/li>\r\n<li><\/li>\r\n<\/ul><\/div>\r\n    <\/div>\r\n    <a href=\"http:\/\/www.innomatiques.com\/seo\/nous-joindre\/\" class=\"cherry-btn cherry-btn-small cherry-btn-gray\">Choisir<\/a>\r\n  <\/div>\r\n<\/div><\/div><!--\/.services-item--><\/div><\/div><\/div>\n<\/div>\n<\/div>\n<\/div><\/div><\/div>\n<div class=\"row  \" ><div class=\"container\"><div class=\"row row-edge\">\n<div class=\"col-md-12\">\n<div class=\"motopress-text-obj\">\n<p style=\"text-align: center;\">D&#8217;autres forfaits Web pourront \u00eatre aussi ajust\u00e9s selon vos besoins. Communiquez avec nous d\u00e8s maintenant au 1-877-897-4573 ou \u00e0 partir de notre <a href=\"https:\/\/www.innomatiques.com\/seo\/evaluation-gratuite\/\">formulaire en ligne<\/a>. N&#8217;h\u00e9sitez pas \u00e0 demander votre prix! D&#8217;ailleurs, nous utilisons WordPress comme \u00abCMS\u00bb, car il est r\u00e9put\u00e9, performant et fiable. De plus, WordPress est un gestionnaire de contenu tr\u00e8s populaire et surtout recommand\u00e9 pour Google. De nombreux projets tels que des boutiques avec panier, des sites vitrines, des blogues, des portails et m\u00eame des portefolios peuvent \u00eatre r\u00e9alis\u00e9s selon vos exigences. La seule agence de Laval a vous concevoir un site Web enti\u00e8rement optimis\u00e9 pour Google et cela depuis 1997. L&#8217;estimation est gratuite et rapide en tout temps. Venez en discuter \u00e0 notre bureau de Laval.<\/p>\n<\/div>\n<\/div>\n<\/div><\/div><\/div>\n<div class=\"row row-edge  \" >\n<div class=\"col-md-12\">\n<div class=\"cherry-spacer  \" style=\"height:70px;\"><\/div>\n<\/div>\n<\/div>\n<div class=\"row row-edge  \" >\n<div class=\"col-md-12\">\n<div class=\"row  \" ><div class=\"container\"><div class=\"row row-edge\">\n<div class=\"col-md-12\">\n<div class=\"motopress-text-obj\">\n<h2 style=\"text-align: center;\">Quelques r\u00e9alisations Web<\/h2>\n<\/div>\n<\/div>\n<\/div><\/div><\/div>\n<div class=\"row row-edge  \" >\n<div class=\"col-md-12\">\n<div class=\"cherry-spacer  \" style=\"height:50px;\"><\/div>\n<\/div>\n<\/div>\n<div class=\"motopress-code-obj\">\n<div class=\"portfolio-wrap\"><div class=\"portfolio-container masonry-layout loading-animation-move-up\"  data-post-per-page=\"-1\" data-column=\"3\" data-list-layout=\"masonry-layout\" data-loading-mode=\"ajax-pagination\" data-item-margin=\"10\" data-fixed-height=\"370\" data-template=\"portfolio-content-inside.tmpl\" data-posts-format=\"post-format-all\"><div class=\"portfolio-list\"  data-all-posts-count=\"21\"><\/div><\/div><\/div>\n<\/div>\n<\/div>\n<\/div>\n<div class=\"row row-edge  \" >\n<div class=\"col-md-12\">\n<div class=\"cherry-spacer  \" style=\"height:10px;\"><\/div>\n<\/div>\n<\/div>\n<div class=\"row  padding-top-60 padding-bottom-60\" ><div class=\"cherry-box   box-457\"><div class=\"inner\"><div class=\"container\"><div class=\"row row-edge\">\n<div class=\"col-xs-12 col-sm-8 col-md-7  motopress-margin-top-20 motopress-margin-bottom-20\">\n<div class=\"motopress-text-obj\">\n<h2><span style=\"color: #ffffff;\">Rabais de 150$<\/span><\/h2>\n<h5><span style=\"color: #ffffff;\">Obtenez un rabais instantan\u00e9 de 150$ \u00e0 l&#8217;achat d&#8217;un forfait Web Pro ou de 100$ \u00e0 l&#8217;achat d&#8217;un forfait Web Plus.<\/span><\/h5>\n<\/div>\n<\/div>\n<div class=\"col-xs-12 col-sm-4 col-md-5  motopress-margin-top-25\">\n\n<div class=\"wpcf7 no-js\" id=\"wpcf7-f4546-o1\" lang=\"en-US\" dir=\"ltr\" data-wpcf7-id=\"4546\">\n<div class=\"screen-reader-response\"><p role=\"status\" aria-live=\"polite\" aria-atomic=\"true\"><\/p> <ul><\/ul><\/div>\n<form action=\"\/seo\/wp-json\/wp\/v2\/pages\/4182#wpcf7-f4546-o1\" method=\"post\" class=\"wpcf7-form init\" aria-label=\"Contact form\" novalidate=\"novalidate\" data-status=\"init\">\n<fieldset class=\"hidden-fields-container\"><input type=\"hidden\" name=\"_wpcf7\" value=\"4546\" \/><input type=\"hidden\" name=\"_wpcf7_version\" value=\"6.1.5\" \/><input type=\"hidden\" name=\"_wpcf7_locale\" value=\"en_US\" \/><input type=\"hidden\" name=\"_wpcf7_unit_tag\" value=\"wpcf7-f4546-o1\" \/><input type=\"hidden\" name=\"_wpcf7_container_post\" value=\"0\" \/><input type=\"hidden\" name=\"_wpcf7_posted_data_hash\" value=\"\" \/><input type=\"hidden\" name=\"_wpcf7_recaptcha_response\" value=\"\" \/>\n<\/fieldset>\n<p><span class=\"wpcf7-form-control-wrap\" data-name=\"your-name\"><input size=\"40\" maxlength=\"400\" class=\"wpcf7-form-control wpcf7-text wpcf7-validates-as-required\" aria-required=\"true\" aria-invalid=\"false\" placeholder=\"Nom: *\" value=\"\" type=\"text\" name=\"your-name\" \/><\/span><br \/>\n<span class=\"wpcf7-form-control-wrap\" data-name=\"your-phone\"><input size=\"40\" maxlength=\"400\" class=\"wpcf7-form-control wpcf7-text wpcf7-validates-as-required\" aria-required=\"true\" aria-invalid=\"false\" placeholder=\"T\u00e9l\u00e9phone: *\" value=\"\" type=\"text\" name=\"your-phone\" \/><\/span><br \/>\n<span class=\"wpcf7-form-control-wrap\" data-name=\"your-email\"><input size=\"40\" maxlength=\"400\" class=\"wpcf7-form-control wpcf7-email wpcf7-validates-as-required wpcf7-text wpcf7-validates-as-email\" aria-required=\"true\" aria-invalid=\"false\" placeholder=\"Courriel: *\" value=\"\" type=\"email\" name=\"your-email\" \/><\/span><br \/>\n<input class=\"wpcf7-form-control wpcf7-submit has-spinner cherry-btn cherry-btn-info cherry-btn-medium\" type=\"submit\" value=\"OBTENIR UN RABAIS!\" \/>\n<\/p><div class=\"wpcf7-response-output\" aria-hidden=\"true\"><\/div>\n<\/form>\n<\/div>\n\n<\/div>\n<\/div><\/div><\/div><\/div><\/div>\n","protected":false},"excerpt":{"rendered":"","protected":false},"author":1,"featured_media":1079,"parent":0,"menu_order":0,"comment_status":"closed","ping_status":"closed","template":"","meta":{"yasr_overall_rating":4.9,"yasr_post_is_review":"","yasr_auto_insert_disabled":"","yasr_review_type":"","footnotes":""},"class_list":["post-4182","page","type-page","status-publish","has-post-thumbnail","hentry"],"yoast_head":"<!-- This site is optimized with the Yoast SEO plugin v27.5 - https:\/\/yoast.com\/product\/yoast-seo-wordpress\/ -->\n<title>Agence Web Laval, Cr\u00e9ation Sites Wordpress, Prix - Innomatiques<\/title>\n<meta name=\"description\" content=\"Agence en conception de sites Web optimis\u00e9s pour Google \u00e0 partir de Wordpress et PHP. Notre agence pourra vous servir dans notre bureau de Laval. Prix site.\" \/>\n<meta name=\"robots\" content=\"index, follow, max-snippet:-1, max-image-preview:large, max-video-preview:-1\" \/>\n<link rel=\"canonical\" href=\"https:\/\/www.innomatiques.com\/seo\/creation-sites-web-optimise\/\" \/>\n<meta property=\"og:locale\" content=\"fr_FR\" \/>\n<meta property=\"og:type\" content=\"article\" \/>\n<meta property=\"og:title\" content=\"Agence Web Laval, Cr\u00e9ation Sites Wordpress, Prix - Innomatiques\" \/>\n<meta property=\"og:description\" content=\"Agence en conception de sites Web optimis\u00e9s pour Google \u00e0 partir de Wordpress et PHP. Notre agence pourra vous servir dans notre bureau de Laval. Prix site.\" \/>\n<meta property=\"og:url\" content=\"https:\/\/www.innomatiques.com\/seo\/creation-sites-web-optimise\/\" \/>\n<meta property=\"og:site_name\" content=\"Innomatiques Agence Web\" \/>\n<meta property=\"article:modified_time\" content=\"2022-11-25T13:18:08+00:00\" \/>\n<meta property=\"og:image\" content=\"https:\/\/www.innomatiques.com\/seo\/wp-content\/uploads\/2015\/08\/price-bg1.jpg\" \/>\n\t<meta property=\"og:image:width\" content=\"2048\" \/>\n\t<meta property=\"og:image:height\" content=\"465\" \/>\n\t<meta property=\"og:image:type\" content=\"image\/jpeg\" \/>\n<meta name=\"twitter:card\" content=\"summary_large_image\" \/>\n<meta name=\"twitter:label1\" content=\"Dur\u00e9e de lecture estim\u00e9e\" \/>\n\t<meta name=\"twitter:data1\" content=\"3 minutes\" \/>\n<script type=\"application\/ld+json\" class=\"yoast-schema-graph\">{\"@context\":\"https:\\\/\\\/schema.org\",\"@graph\":[{\"@type\":\"WebPage\",\"@id\":\"https:\\\/\\\/www.innomatiques.com\\\/seo\\\/creation-sites-web-optimise\\\/\",\"url\":\"https:\\\/\\\/www.innomatiques.com\\\/seo\\\/creation-sites-web-optimise\\\/\",\"name\":\"Agence Web Laval, Cr\u00e9ation Sites Wordpress, Prix - Innomatiques\",\"isPartOf\":{\"@id\":\"https:\\\/\\\/www.innomatiques.com\\\/seo\\\/#website\"},\"primaryImageOfPage\":{\"@id\":\"https:\\\/\\\/www.innomatiques.com\\\/seo\\\/creation-sites-web-optimise\\\/#primaryimage\"},\"image\":{\"@id\":\"https:\\\/\\\/www.innomatiques.com\\\/seo\\\/creation-sites-web-optimise\\\/#primaryimage\"},\"thumbnailUrl\":\"https:\\\/\\\/www.innomatiques.com\\\/seo\\\/wp-content\\\/uploads\\\/2015\\\/08\\\/price-bg1.jpg\",\"datePublished\":\"2015-09-23T16:45:46+00:00\",\"dateModified\":\"2022-11-25T13:18:08+00:00\",\"description\":\"Agence en conception de sites Web optimis\u00e9s pour Google \u00e0 partir de Wordpress et PHP. Notre agence pourra vous servir dans notre bureau de Laval. Prix site.\",\"breadcrumb\":{\"@id\":\"https:\\\/\\\/www.innomatiques.com\\\/seo\\\/creation-sites-web-optimise\\\/#breadcrumb\"},\"inLanguage\":\"fr-FR\",\"potentialAction\":[{\"@type\":\"ReadAction\",\"target\":[\"https:\\\/\\\/www.innomatiques.com\\\/seo\\\/creation-sites-web-optimise\\\/\"]}]},{\"@type\":\"ImageObject\",\"inLanguage\":\"fr-FR\",\"@id\":\"https:\\\/\\\/www.innomatiques.com\\\/seo\\\/creation-sites-web-optimise\\\/#primaryimage\",\"url\":\"https:\\\/\\\/www.innomatiques.com\\\/seo\\\/wp-content\\\/uploads\\\/2015\\\/08\\\/price-bg1.jpg\",\"contentUrl\":\"https:\\\/\\\/www.innomatiques.com\\\/seo\\\/wp-content\\\/uploads\\\/2015\\\/08\\\/price-bg1.jpg\",\"width\":2048,\"height\":465,\"caption\":\"Agence Web laval\"},{\"@type\":\"BreadcrumbList\",\"@id\":\"https:\\\/\\\/www.innomatiques.com\\\/seo\\\/creation-sites-web-optimise\\\/#breadcrumb\",\"itemListElement\":[{\"@type\":\"ListItem\",\"position\":1,\"name\":\"Accueil\",\"item\":\"https:\\\/\\\/www.innomatiques.com\\\/seo\\\/\"},{\"@type\":\"ListItem\",\"position\":2,\"name\":\"Cr\u00e9ation de sites Web\"}]},{\"@type\":\"WebSite\",\"@id\":\"https:\\\/\\\/www.innomatiques.com\\\/seo\\\/#website\",\"url\":\"https:\\\/\\\/www.innomatiques.com\\\/seo\\\/\",\"name\":\"Innomatiques Agence Web\",\"description\":\"\",\"potentialAction\":[{\"@type\":\"SearchAction\",\"target\":{\"@type\":\"EntryPoint\",\"urlTemplate\":\"https:\\\/\\\/www.innomatiques.com\\\/seo\\\/?s={search_term_string}\"},\"query-input\":{\"@type\":\"PropertyValueSpecification\",\"valueRequired\":true,\"valueName\":\"search_term_string\"}}],\"inLanguage\":\"fr-FR\"},false]}<\/script>\n<!-- \/ Yoast SEO plugin. -->","yoast_head_json":{"title":"Agence Web Laval, Cr\u00e9ation Sites Wordpress, Prix - Innomatiques","description":"Agence en conception de sites Web optimis\u00e9s pour Google \u00e0 partir de Wordpress et PHP. Notre agence pourra vous servir dans notre bureau de Laval. Prix site.","robots":{"index":"index","follow":"follow","max-snippet":"max-snippet:-1","max-image-preview":"max-image-preview:large","max-video-preview":"max-video-preview:-1"},"canonical":"https:\/\/www.innomatiques.com\/seo\/creation-sites-web-optimise\/","og_locale":"fr_FR","og_type":"article","og_title":"Agence Web Laval, Cr\u00e9ation Sites Wordpress, Prix - Innomatiques","og_description":"Agence en conception de sites Web optimis\u00e9s pour Google \u00e0 partir de Wordpress et PHP. Notre agence pourra vous servir dans notre bureau de Laval. Prix site.","og_url":"https:\/\/www.innomatiques.com\/seo\/creation-sites-web-optimise\/","og_site_name":"Innomatiques Agence Web","article_modified_time":"2022-11-25T13:18:08+00:00","og_image":[{"width":2048,"height":465,"url":"https:\/\/www.innomatiques.com\/seo\/wp-content\/uploads\/2015\/08\/price-bg1.jpg","type":"image\/jpeg"}],"twitter_card":"summary_large_image","twitter_misc":{"Dur\u00e9e de lecture estim\u00e9e":"3 minutes"},"schema":{"@context":"https:\/\/schema.org","@graph":[{"@type":"WebPage","@id":"https:\/\/www.innomatiques.com\/seo\/creation-sites-web-optimise\/","url":"https:\/\/www.innomatiques.com\/seo\/creation-sites-web-optimise\/","name":"Agence Web Laval, Cr\u00e9ation Sites Wordpress, Prix - Innomatiques","isPartOf":{"@id":"https:\/\/www.innomatiques.com\/seo\/#website"},"primaryImageOfPage":{"@id":"https:\/\/www.innomatiques.com\/seo\/creation-sites-web-optimise\/#primaryimage"},"image":{"@id":"https:\/\/www.innomatiques.com\/seo\/creation-sites-web-optimise\/#primaryimage"},"thumbnailUrl":"https:\/\/www.innomatiques.com\/seo\/wp-content\/uploads\/2015\/08\/price-bg1.jpg","datePublished":"2015-09-23T16:45:46+00:00","dateModified":"2022-11-25T13:18:08+00:00","description":"Agence en conception de sites Web optimis\u00e9s pour Google \u00e0 partir de Wordpress et PHP. Notre agence pourra vous servir dans notre bureau de Laval. Prix site.","breadcrumb":{"@id":"https:\/\/www.innomatiques.com\/seo\/creation-sites-web-optimise\/#breadcrumb"},"inLanguage":"fr-FR","potentialAction":[{"@type":"ReadAction","target":["https:\/\/www.innomatiques.com\/seo\/creation-sites-web-optimise\/"]}]},{"@type":"ImageObject","inLanguage":"fr-FR","@id":"https:\/\/www.innomatiques.com\/seo\/creation-sites-web-optimise\/#primaryimage","url":"https:\/\/www.innomatiques.com\/seo\/wp-content\/uploads\/2015\/08\/price-bg1.jpg","contentUrl":"https:\/\/www.innomatiques.com\/seo\/wp-content\/uploads\/2015\/08\/price-bg1.jpg","width":2048,"height":465,"caption":"Agence Web laval"},{"@type":"BreadcrumbList","@id":"https:\/\/www.innomatiques.com\/seo\/creation-sites-web-optimise\/#breadcrumb","itemListElement":[{"@type":"ListItem","position":1,"name":"Accueil","item":"https:\/\/www.innomatiques.com\/seo\/"},{"@type":"ListItem","position":2,"name":"Cr\u00e9ation de sites Web"}]},{"@type":"WebSite","@id":"https:\/\/www.innomatiques.com\/seo\/#website","url":"https:\/\/www.innomatiques.com\/seo\/","name":"Innomatiques Agence Web","description":"","potentialAction":[{"@type":"SearchAction","target":{"@type":"EntryPoint","urlTemplate":"https:\/\/www.innomatiques.com\/seo\/?s={search_term_string}"},"query-input":{"@type":"PropertyValueSpecification","valueRequired":true,"valueName":"search_term_string"}}],"inLanguage":"fr-FR"},false]}},"yasr_visitor_votes":{"stars_attributes":{"read_only":false,"span_bottom":false},"number_of_votes":0,"sum_votes":0},"_links":{"self":[{"href":"https:\/\/www.innomatiques.com\/seo\/wp-json\/wp\/v2\/pages\/4182","targetHints":{"allow":["GET"]}}],"collection":[{"href":"https:\/\/www.innomatiques.com\/seo\/wp-json\/wp\/v2\/pages"}],"about":[{"href":"https:\/\/www.innomatiques.com\/seo\/wp-json\/wp\/v2\/types\/page"}],"author":[{"embeddable":true,"href":"https:\/\/www.innomatiques.com\/seo\/wp-json\/wp\/v2\/users\/1"}],"replies":[{"embeddable":true,"href":"https:\/\/www.innomatiques.com\/seo\/wp-json\/wp\/v2\/comments?post=4182"}],"version-history":[{"count":126,"href":"https:\/\/www.innomatiques.com\/seo\/wp-json\/wp\/v2\/pages\/4182\/revisions"}],"predecessor-version":[{"id":5488,"href":"https:\/\/www.innomatiques.com\/seo\/wp-json\/wp\/v2\/pages\/4182\/revisions\/5488"}],"wp:featuredmedia":[{"embeddable":true,"href":"https:\/\/www.innomatiques.com\/seo\/wp-json\/wp\/v2\/media\/1079"}],"wp:attachment":[{"href":"https:\/\/www.innomatiques.com\/seo\/wp-json\/wp\/v2\/media?parent=4182"}],"curies":[{"name":"wp","href":"https:\/\/api.w.org\/{rel}","templated":true}]}}