{"id":4163,"date":"2015-09-23T16:09:39","date_gmt":"2015-09-23T15:09:39","guid":{"rendered":"http:\/\/www.innomatiques.com\/seo\/?page_id=4163"},"modified":"2018-10-15T23:44:44","modified_gmt":"2018-10-15T22:44:44","slug":"referencement-internet","status":"publish","type":"page","link":"https:\/\/www.innomatiques.com\/seo\/referencement-internet\/","title":{"rendered":"R\u00e9f\u00e9rencement Web"},"content":{"rendered":"<div class=\"row row-edge  \" >\n<div class=\"col-md-12\">\n<div class=\"cherry-spacer  \" style=\"height:80px;\"><\/div>\n<\/div>\n<\/div>\n<div class=\"row  \" ><div class=\"container\"><div class=\"row row-edge\">\n<div class=\"col-md-12\">\n<div class=\"motopress-text-obj\">\n<h5 style=\"text-align: center;\"><span style=\"color: #4eb7fe;\">Notori\u00e9t\u00e9 Internet<\/span><\/h5>\n<h2 style=\"text-align: center;\">Devancez la comp\u00e9tition avec une strat\u00e9gie de r\u00e9f\u00e9rencement<\/h2>\n<p style=\"text-align: center;\">Le r\u00e9f\u00e9rencement Web ou Internet est bas\u00e9 sur le m\u00eame principe que le bouche \u00e0 oreille. Les r\u00e9f\u00e9rences sont des liens externes dirig\u00e9s vers votre site Web. Le but est d\u2019augmenter la notori\u00e9t\u00e9 d\u2019un site Web. Nous proposons la cr\u00e9ation de liens optimis\u00e9s sur des sites externes de qualit\u00e9 reli\u00e9s \u00e0 votre secteur d&#8217;activit\u00e9. Le r\u00e9f\u00e9rencement sera votre derni\u00e8re \u00e9tape dans votre strat\u00e9gie de positionnement naturel. <\/p>\n<\/div>\n<\/div>\n<\/div><\/div><\/div>\n<div class=\"row row-edge  \" >\n<div class=\"col-md-12\">\n<div class=\"cherry-spacer  \" style=\"height:80px;\"><\/div>\n<\/div>\n<\/div>\n<div class=\"row  \" ><div class=\"container\"><div class=\"row row-edge\">\n<div class=\"col-md-12\">\n<div class=\"motopress-text-obj\">\n<h2 style=\"text-align: center;\">Nos forfaits de r\u00e9f\u00e9rencement<\/h2>\n<\/div>\n<\/div>\n<\/div><\/div><\/div>\n<div class=\"row row-edge  \" >\n<div class=\"col-md-12\">\n<div class=\"cherry-spacer  \" style=\"height:50px;\"><\/div>\n<\/div>\n<\/div>\n<div class=\"row  \" ><div class=\"container\"><div class=\"row row-edge\">\n<div class=\"col-xs-12 col-sm-12 col-md-12 col-lg-10 col-xs-offset-0 col-sm-offset-0 col-md-offset-0 col-lg-offset-1\">\n<div class=\"cherry-services boxed-layout\"><div class=\"row\"><div class=\"services-listing\"><div id=\"services-4172\" class=\"cherry-services_item item-1 clearfix odd col-xs-12 clear-col-xs col-sm-4 clear-col-sm col-md-4 clear-col-md col-lg-4 clear-col-lg\"><div class=\"price-box template-5\">\r\n  <div class=\"head\">\r\n    <div class=\"featured color-link-background\">\r\n      <div class=\"title color-white\">Meilleur<\/div>\r\n    <\/div>\r\n    <div class=\"post-content\"><h3 class=\"cherry-services_title\">Plus<\/h3>\n<\/div>\r\n    <div class=\"cherry-services_price\">425<sup>$<\/sup><sup class=\"small\">\/mois<\/sup><\/div>\r\n  <\/div>\r\n  <div class=\"desc color-gray-background\">\r\n    <div class=\"features\">\r\n      <div class=\"cherry-services_feauters\"><ul>\r\n<li>Strat\u00e9gie de r\u00e9f\u00e9rencement bas\u00e9e sur <strong>3 mois<\/strong>.<\/li>\r\n<li>Rapport de progression des r\u00e9f\u00e9rences \u00e0 partir de la Google Search Console.\t<\/li>\r\n<li><\/li>\r\n<\/ul><\/div>\r\n    <\/div>\r\n  <a href=\"http:\/\/www.innomatiques.com\/seo\/nous-joindre\/\" class=\"cherry-btn cherry-btn-small\">Choisir<\/a>\r\n  <\/div>\r\n<\/div><\/div><!--\/.services-item--><div id=\"services-4173\" class=\"cherry-services_item item-2 clearfix even col-xs-12 clear-col-xs col-sm-4 col-md-4 col-lg-4\"><div class=\"price-box template-5\">\r\n  <div class=\"head\">\r\n    <div class=\"featured color-link-background\">\r\n      <div class=\"title color-white\">Meilleur<\/div>\r\n    <\/div>\r\n    <div class=\"post-content\"><h3 class=\"cherry-services_title\">Ultra<\/h3>\n<\/div>\r\n    <div class=\"cherry-services_price\">395<sup>$<\/sup><sup class=\"small\">\/mois<\/sup><\/div>\r\n  <\/div>\r\n  <div class=\"desc color-gray-background\">\r\n    <div class=\"features\">\r\n      <div class=\"cherry-services_feauters\"><ul>\r\n<li>Strat\u00e9gie de r\u00e9f\u00e9rencement bas\u00e9e sur <strong>6 mois<\/strong>.<\/li>\r\n<li>Rapport de progression des r\u00e9f\u00e9rences \u00e0 partir de la Google Search Console.\t<\/li>\r\n<li><\/li>\r\n<\/ul><\/div>\r\n    <\/div>\r\n  <a href=\"http:\/\/www.innomatiques.com\/seo\/nous-joindre\/\" class=\"cherry-btn cherry-btn-small\">Choisir<\/a>\r\n  <\/div>\r\n<\/div><\/div><!--\/.services-item--><div id=\"services-4174\" class=\"cherry-services_item item-3 clearfix odd col-xs-12 clear-col-xs col-sm-4 col-md-4 col-lg-4 featured-service\"><div class=\"price-box template-5\">\r\n  <div class=\"head\">\r\n    <div class=\"featured color-link-background\">\r\n      <div class=\"title color-white\">Meilleur<\/div>\r\n    <\/div>\r\n    <div class=\"post-content\"><h3 class=\"cherry-services_title\">M\u00e9ga<\/h3>\n<\/div>\r\n    <div class=\"cherry-services_price\">325<sup>$<\/sup><sup class=\"small\">\/mois<\/sup><\/div>\r\n  <\/div>\r\n  <div class=\"desc color-gray-background\">\r\n    <div class=\"features\">\r\n      <div class=\"cherry-services_feauters\"><ul>\r\n<li>Strat\u00e9gie de r\u00e9f\u00e9rencement bas\u00e9e sur <strong>12 mois<\/strong>.<\/li>\r\n<li>Rapport de progression des r\u00e9f\u00e9rences \u00e0 partir de la Google Search Console.\t<\/li>\r\n<li><\/li>\r\n<\/ul><\/div>\r\n    <\/div>\r\n  <a href=\"http:\/\/www.innomatiques.com\/seo\/nous-joindre\/\" class=\"cherry-btn cherry-btn-small\">Choisir<\/a>\r\n  <\/div>\r\n<\/div><\/div><!--\/.services-item--><\/div><\/div><\/div>\n<p>Prix \u00e0 partir de. Les plans de r\u00e9f\u00e9rencement Web seront \u00e9valu\u00e9s selon la comp\u00e9tition de votre secteur d\u2019activit\u00e9 et la langue de positionnement. Il vous faut savoir qu&#8217;un d\u00e9lai de 5 \u00e0 8 mois est n\u00e9cessaire pour percevoir les r\u00e9sultats du positionnement naturel avec Google.<\/p>\n<\/p>\n<\/div>\n<\/div><\/div><\/div>\n<div class=\"cherry-spacer  \" style=\"height:80px;\"><\/div>\n<div class=\"row  padding-top-60 padding-bottom-60\" ><div class=\"cherry-box   box-515\"><div class=\"inner\"><div class=\"container\"><div class=\"row row-edge\">\n<div class=\"col-xs-12 col-sm-8 col-md-7  motopress-margin-top-20 motopress-margin-bottom-20\">\n<div class=\"motopress-text-obj\">\n<h2><span style=\"color: #ffffff;\">\u00c9valuation gratuite!<\/span><\/h2>\n<h5><span style=\"color: #ffffff;\">Demandez une \u00e9valuation gratuite afin d&#8217;accro\u00eetre les performances de votre entreprise sur le Web et les r\u00e9seaux sociaux. Il nous fera plaisir d&#8217;en discuter avec vous!<\/span><\/h5>\n<\/div>\n<\/div>\n<div class=\"col-xs-12 col-sm-4 col-md-5  motopress-margin-top-25\">\n\n<div class=\"wpcf7 no-js\" id=\"wpcf7-f5107-o1\" lang=\"en-US\" dir=\"ltr\" data-wpcf7-id=\"5107\">\n<div class=\"screen-reader-response\"><p role=\"status\" aria-live=\"polite\" aria-atomic=\"true\"><\/p> <ul><\/ul><\/div>\n<form action=\"\/seo\/wp-json\/wp\/v2\/pages\/4163#wpcf7-f5107-o1\" method=\"post\" class=\"wpcf7-form init\" aria-label=\"Contact form\" novalidate=\"novalidate\" data-status=\"init\">\n<fieldset class=\"hidden-fields-container\"><input type=\"hidden\" name=\"_wpcf7\" value=\"5107\" \/><input type=\"hidden\" name=\"_wpcf7_version\" value=\"6.1.5\" \/><input type=\"hidden\" name=\"_wpcf7_locale\" value=\"en_US\" \/><input type=\"hidden\" name=\"_wpcf7_unit_tag\" value=\"wpcf7-f5107-o1\" \/><input type=\"hidden\" name=\"_wpcf7_container_post\" value=\"0\" \/><input type=\"hidden\" name=\"_wpcf7_posted_data_hash\" value=\"\" \/><input type=\"hidden\" name=\"_wpcf7_recaptcha_response\" value=\"\" \/>\n<\/fieldset>\n<p><span class=\"wpcf7-form-control-wrap\" data-name=\"your-name\"><input size=\"40\" maxlength=\"400\" class=\"wpcf7-form-control wpcf7-text wpcf7-validates-as-required\" aria-required=\"true\" aria-invalid=\"false\" placeholder=\"Nom: *\" value=\"\" type=\"text\" name=\"your-name\" \/><\/span><br \/>\n<span class=\"wpcf7-form-control-wrap\" data-name=\"your-phone\"><input size=\"40\" maxlength=\"400\" class=\"wpcf7-form-control wpcf7-text wpcf7-validates-as-required\" aria-required=\"true\" aria-invalid=\"false\" placeholder=\"T\u00e9l\u00e9phone: *\" value=\"\" type=\"text\" name=\"your-phone\" \/><\/span><br \/>\n<span class=\"wpcf7-form-control-wrap\" data-name=\"your-email\"><input size=\"40\" maxlength=\"400\" class=\"wpcf7-form-control wpcf7-email wpcf7-validates-as-required wpcf7-text wpcf7-validates-as-email\" aria-required=\"true\" aria-invalid=\"false\" placeholder=\"Courriel: *\" value=\"\" type=\"email\" name=\"your-email\" \/><\/span><br \/>\n<span class=\"wpcf7-form-control-wrap\" data-name=\"AdresseWeb\"><input size=\"40\" maxlength=\"400\" class=\"wpcf7-form-control wpcf7-url wpcf7-text wpcf7-validates-as-url\" aria-invalid=\"false\" placeholder=\"Adresse Web:\" value=\"\" type=\"url\" name=\"AdresseWeb\" \/><\/span><br \/>\n<input class=\"wpcf7-form-control wpcf7-submit has-spinner cherry-btn cherry-btn-info cherry-btn-medium\" type=\"submit\" value=\"ENVOYER\" \/>\n<\/p><div class=\"wpcf7-response-output\" aria-hidden=\"true\"><\/div>\n<\/form>\n<\/div>\n\n<\/div>\n<\/div><\/div><\/div><\/div><\/div>\n<div class=\"row row-edge  \" >\n<div class=\"col-md-12\">\n<\/div>\n<\/div>\n<div class=\"row  padding-top-60 padding-bottom-60\" ><div class=\"cherry-box   box-468\"><div class=\"inner\"><div class=\"container\"><div class=\"row row-edge\">\n<div class=\"col-xs-12 col-sm-12 col-md-4  motopress-margin-top-20 motopress-margin-bottom-20\">\n<div class=\"row row-edge  \" >\n<div class=\"col-md-12\">\n<div class=\"motopress-text-obj\">\n<h5><span style=\"color: #4eb7fe;\">Sites qui se d\u00e9marquent<\/span><\/h5>\n<h4>Optimisation de sites Web<\/h4>\n<\/div>\n<\/div>\n<\/div>\n<div class=\"row row-edge  \" >\n<div class=\"col-md-12\">\n<div class=\"cherry-spacer  \" style=\"height:20px;\"><\/div>\n<\/div>\n<\/div>\n<div class=\"row row-edge  \" >\n<div class=\"col-md-12\">\n<div class=\"cherry-list font-icon cherry-list_4673   \">\n<ul>\n<li><span class=\"fa fa-check list-icon icon-621\"><\/span>Optimis\u00e9 pour les conversions<\/li>\n<li><span class=\"fa fa-check list-icon icon-621\"><\/span>Optimis\u00e9 pour mobiles<\/li>\n<li><span class=\"fa fa-check list-icon icon-621\"><\/span>Interaction avec les r\u00e9seaux sociaux<\/li>\n<li><span class=\"fa fa-check list-icon icon-621\"><\/span>Suivi des performances<\/li>\n<\/ul>\n<\/div>\n<\/div>\n<\/div>\n<\/div>\n<div class=\"col-xs-12 col-sm-12 col-md-4  motopress-margin-top-20 motopress-margin-bottom-20\">\n<div class=\"row row-edge  \" >\n<div class=\"col-md-12\">\n<div class=\"motopress-text-obj\">\n<h5><span style=\"color: #4eb7fe;\">Votre site en premi\u00e8re page<\/span><\/h5>\n<h4>Publicit\u00e9s Google et Facebook<\/h4>\n<\/div>\n<\/div>\n<\/div>\n<div class=\"row row-edge  \" >\n<div class=\"col-md-12\">\n<div class=\"cherry-spacer  \" style=\"height:20px;\"><\/div>\n<\/div>\n<\/div>\n<div class=\"row row-edge  \" >\n<div class=\"col-md-12\">\n<div class=\"cherry-list font-icon cherry-list_1665   \">\n<ul>\n<li><span class=\"fa fa-check list-icon icon-274\"><\/span>Visibilit\u00e9 imm\u00e9diate<\/li>\n<li><span class=\"fa fa-check list-icon icon-274\"><\/span>Forfaits mensuels<\/li>\n<li><span class=\"fa fa-check list-icon icon-274\"><\/span>Zones g\u00e9ographiques<\/li>\n<li><span class=\"fa fa-check list-icon icon-274\"><\/span>Ciblage par int\u00e9r\u00eats<\/li>\n<\/ul>\n<\/div>\n<\/div>\n<\/div>\n<\/div>\n<div class=\"col-xs-12 col-sm-12 col-md-4  motopress-margin-top-20 motopress-margin-bottom-20\">\n<div class=\"row row-edge  \" >\n<div class=\"col-md-12\">\n<div class=\"motopress-text-obj\">\n<h5><span style=\"color: #4eb7fe;\">Visibilit\u00e9 efficace<\/span><\/h5>\n<h4>Remarketing Google et Facebook<\/h4>\n<\/div>\n<\/div>\n<\/div>\n<div class=\"row row-edge  \" >\n<div class=\"col-md-12\">\n<div class=\"cherry-spacer  \" style=\"height:20px;\"><\/div>\n<\/div>\n<\/div>\n<div class=\"row row-edge  \" >\n<div class=\"col-md-12\">\n<div class=\"cherry-list font-icon cherry-list_9988   \">\n<ul>\n<li><span class=\"fa fa-check list-icon icon-960\"><\/span>Maximiser les conversions<\/li>\n<li><span class=\"fa fa-check list-icon icon-960\"><\/span>Audience pr\u00e9cise<\/li>\n<li><span class=\"fa fa-check list-icon icon-960\"><\/span>Publicit\u00e9s cibl\u00e9es<\/li>\n<li><span class=\"fa fa-check list-icon icon-960\"><\/span>Retour sur investissement<\/li>\n<\/ul>\n<\/div>\n<\/div>\n<\/div>\n<\/div>\n<\/div><\/div><\/div><\/div><\/div>\n<div class=\"row row-edge  \" >\n<div class=\"col-md-12\">\n<\/div>\n<\/div>\n<div class=\"cherry-spacer  \" style=\"height:65px;\"><\/div>\n<div class=\"row  \" ><div class=\"container\"><div class=\"row row-edge\">\n<div class=\"col-md-12\">\n<div class=\"motopress-text-obj\">\n<h5 style=\"text-align: center;\"><span style=\"color: #4eb7fe;\">Des clients qui nous ont fait confiance!<\/span><\/h5>\n<p style=\"text-align: center;\"><img decoding=\"async\" src=\"http:\/\/www.innomatiques.com\/seo\/wp-content\/uploads\/2016\/05\/logos-clients4.png\" alt=\"logos-clients\" class=\"aligncenter\" \/><\/p>\n<\/div>\n<div class=\"cherry-spacer  \" style=\"height:70px;\"><\/div>\n<\/div>\n<\/div><\/div><\/div>\n<div class=\"row row-edge  \" >\n<div class=\"col-md-12\">\n<\/div>\n<\/div>\n<div class=\"row  padding-top-60 padding-bottom-60\" ><div class=\"cherry-box   box-224\"><div class=\"inner\"><div class=\"container\"><div class=\"row row-edge\">\n<div class=\"motopress-text-obj\">\n<h5 style=\"text-align: center;\"><span style=\"color: #4eb7fe;\">Nous avons r\u00e9ponses rapides \u00e0 vos questions<br \/>\n<\/span><\/h5>\n<h2><span style=\"color: #000;\"><\/p>\n<div align=\"center\">Sans frais : <a style=\"color:#000;\" href=\"tel:+18778974573\">1-877-897-4573<\/a><\/div>\n<p><\/span><\/h2>\n<\/div>\n<\/div><\/div><\/div><\/div><\/div>\n<div class=\"row  padding-top-80 padding-bottom-20\" ><section class=\"parallax-box image-parallax-box \" style=\"min-height: 300px\"><div class=\"parallax-content\"><div class=\"container\"><div class=\"row row-edge\">\n<div class=\"col-md-12\">\n<div class=\"row row-edge  \" >\n<div class=\"col-md-12\">\n<div class=\"motopress-text-obj\">\n<h5 style=\"text-align: center;\"><span style=\"color: #ffffff;\">Suivez-nous!<br \/>\n<\/span><\/h5>\n<h2 style=\"text-align: center;\"><span style=\"color: #ffffff;\">En visitant nos r\u00e9seaux sociaux<\/span><\/h2>\n<\/div>\n<\/div>\n<\/div>\n<div class=\"row row-edge  \" >\n<div class=\"col-md-12\">\n<div class=\"cherry-spacer  \" style=\"height:30px;\"><\/div>\n<\/div>\n<\/div>\n<div class=\"row row-edge  \" >\n<div class=\"col-md-12\">\n<div id='cherry-follow-items-1' class='cherry-follow_wrap '><ul class='cherry-follow_list clearfix'><li class=\"cherry-follow_item facebook-item\"><a class=\"cherry-follow_link\" href=\"https:\/\/www.facebook.com\/innomatiques\/\" target=\"_blank\" rel=\"nofollow\" title=\"Facebook\"><i class='fa fa-facebook'><\/i><span class=\"cherry-follow_label\">Facebook<\/span><\/a><\/li><li class=\"cherry-follow_item twitter-item\"><a class=\"cherry-follow_link\" href=\"https:\/\/twitter.com\/innomatiques\" target=\"_blank\" rel=\"nofollow\" title=\"Twitter\"><i class='fa fa-twitter'><\/i><span class=\"cherry-follow_label\">Twitter<\/span><\/a><\/li><li class=\"cherry-follow_item linkedin-item\"><a class=\"cherry-follow_link\" href=\"https:\/\/ca.linkedin.com\/in\/innomatiques\" target=\"_blank\" rel=\"nofollow\" title=\"LinkedIn\"><i class='fa fa-linkedin'><\/i><span class=\"cherry-follow_label\">LinkedIn<\/span><\/a><\/li><\/ul><\/div>\n<\/div>\n<\/div>\n<\/div>\n<\/div><\/div><div class=\"clear\"><\/div><\/div><div class=\"parallax-bg\" data-parallax-type=\"image\" data-img-url=\"http:\/\/www.innomatiques.com\/seo\/wp-content\/uploads\/2015\/09\/home-landing-6.jpg\" data-speed=\"1.5\" data-invert=\"\" ><\/div><\/section><\/div>\n","protected":false},"excerpt":{"rendered":"","protected":false},"author":1,"featured_media":4169,"parent":0,"menu_order":0,"comment_status":"closed","ping_status":"closed","template":"","meta":{"yasr_overall_rating":0,"yasr_post_is_review":"","yasr_auto_insert_disabled":"","yasr_review_type":"","footnotes":""},"class_list":["post-4163","page","type-page","status-publish","has-post-thumbnail","hentry"],"yoast_head":"<!-- This site is optimized with the Yoast SEO plugin v27.5 - https:\/\/yoast.com\/product\/yoast-seo-wordpress\/ -->\n<title>R\u00e9f\u00e9rencement Web Montr\u00e9al, Positionnement Google - Innomatiques<\/title>\n<meta name=\"description\" content=\"Le r\u00e9f\u00e9rencement Web ou Internet est bas\u00e9 sur le m\u00eame principe que le bouche \u00e0 oreille. Strat\u00e9gies de r\u00e9f\u00e9rencement Web et positionnement Google.\" \/>\n<meta name=\"robots\" content=\"index, follow, max-snippet:-1, max-image-preview:large, max-video-preview:-1\" \/>\n<link rel=\"canonical\" href=\"https:\/\/www.innomatiques.com\/seo\/referencement-internet\/\" \/>\n<meta property=\"og:locale\" content=\"fr_FR\" \/>\n<meta property=\"og:type\" content=\"article\" \/>\n<meta property=\"og:title\" content=\"R\u00e9f\u00e9rencement Web Montr\u00e9al, Positionnement Google - Innomatiques\" \/>\n<meta property=\"og:description\" content=\"Le r\u00e9f\u00e9rencement Web ou Internet est bas\u00e9 sur le m\u00eame principe que le bouche \u00e0 oreille. Strat\u00e9gies de r\u00e9f\u00e9rencement Web et positionnement Google.\" \/>\n<meta property=\"og:url\" content=\"https:\/\/www.innomatiques.com\/seo\/referencement-internet\/\" \/>\n<meta property=\"og:site_name\" content=\"Innomatiques Agence Web\" \/>\n<meta property=\"article:modified_time\" content=\"2018-10-15T22:44:44+00:00\" \/>\n<meta property=\"og:image\" content=\"https:\/\/www.innomatiques.com\/seo\/wp-content\/uploads\/2015\/09\/referencement1.jpg\" \/>\n\t<meta property=\"og:image:width\" content=\"2048\" \/>\n\t<meta property=\"og:image:height\" content=\"465\" \/>\n\t<meta property=\"og:image:type\" content=\"image\/jpeg\" \/>\n<meta name=\"twitter:card\" content=\"summary_large_image\" \/>\n<meta name=\"twitter:label1\" content=\"Dur\u00e9e de lecture estim\u00e9e\" \/>\n\t<meta name=\"twitter:data1\" content=\"5 minutes\" \/>\n<script type=\"application\/ld+json\" class=\"yoast-schema-graph\">{\"@context\":\"https:\\\/\\\/schema.org\",\"@graph\":[{\"@type\":\"WebPage\",\"@id\":\"https:\\\/\\\/www.innomatiques.com\\\/seo\\\/referencement-internet\\\/\",\"url\":\"https:\\\/\\\/www.innomatiques.com\\\/seo\\\/referencement-internet\\\/\",\"name\":\"R\u00e9f\u00e9rencement Web Montr\u00e9al, Positionnement Google - Innomatiques\",\"isPartOf\":{\"@id\":\"https:\\\/\\\/www.innomatiques.com\\\/seo\\\/#website\"},\"primaryImageOfPage\":{\"@id\":\"https:\\\/\\\/www.innomatiques.com\\\/seo\\\/referencement-internet\\\/#primaryimage\"},\"image\":{\"@id\":\"https:\\\/\\\/www.innomatiques.com\\\/seo\\\/referencement-internet\\\/#primaryimage\"},\"thumbnailUrl\":\"https:\\\/\\\/www.innomatiques.com\\\/seo\\\/wp-content\\\/uploads\\\/2015\\\/09\\\/referencement1.jpg\",\"datePublished\":\"2015-09-23T15:09:39+00:00\",\"dateModified\":\"2018-10-15T22:44:44+00:00\",\"description\":\"Le r\u00e9f\u00e9rencement Web ou Internet est bas\u00e9 sur le m\u00eame principe que le bouche \u00e0 oreille. Strat\u00e9gies de r\u00e9f\u00e9rencement Web et positionnement Google.\",\"breadcrumb\":{\"@id\":\"https:\\\/\\\/www.innomatiques.com\\\/seo\\\/referencement-internet\\\/#breadcrumb\"},\"inLanguage\":\"fr-FR\",\"potentialAction\":[{\"@type\":\"ReadAction\",\"target\":[\"https:\\\/\\\/www.innomatiques.com\\\/seo\\\/referencement-internet\\\/\"]}]},{\"@type\":\"ImageObject\",\"inLanguage\":\"fr-FR\",\"@id\":\"https:\\\/\\\/www.innomatiques.com\\\/seo\\\/referencement-internet\\\/#primaryimage\",\"url\":\"https:\\\/\\\/www.innomatiques.com\\\/seo\\\/wp-content\\\/uploads\\\/2015\\\/09\\\/referencement1.jpg\",\"contentUrl\":\"https:\\\/\\\/www.innomatiques.com\\\/seo\\\/wp-content\\\/uploads\\\/2015\\\/09\\\/referencement1.jpg\",\"width\":2048,\"height\":465},{\"@type\":\"BreadcrumbList\",\"@id\":\"https:\\\/\\\/www.innomatiques.com\\\/seo\\\/referencement-internet\\\/#breadcrumb\",\"itemListElement\":[{\"@type\":\"ListItem\",\"position\":1,\"name\":\"Accueil\",\"item\":\"https:\\\/\\\/www.innomatiques.com\\\/seo\\\/\"},{\"@type\":\"ListItem\",\"position\":2,\"name\":\"R\u00e9f\u00e9rencement Web\"}]},{\"@type\":\"WebSite\",\"@id\":\"https:\\\/\\\/www.innomatiques.com\\\/seo\\\/#website\",\"url\":\"https:\\\/\\\/www.innomatiques.com\\\/seo\\\/\",\"name\":\"Innomatiques Agence Web\",\"description\":\"\",\"potentialAction\":[{\"@type\":\"SearchAction\",\"target\":{\"@type\":\"EntryPoint\",\"urlTemplate\":\"https:\\\/\\\/www.innomatiques.com\\\/seo\\\/?s={search_term_string}\"},\"query-input\":{\"@type\":\"PropertyValueSpecification\",\"valueRequired\":true,\"valueName\":\"search_term_string\"}}],\"inLanguage\":\"fr-FR\"},false]}<\/script>\n<!-- \/ Yoast SEO plugin. -->","yoast_head_json":{"title":"R\u00e9f\u00e9rencement Web Montr\u00e9al, Positionnement Google - Innomatiques","description":"Le r\u00e9f\u00e9rencement Web ou Internet est bas\u00e9 sur le m\u00eame principe que le bouche \u00e0 oreille. Strat\u00e9gies de r\u00e9f\u00e9rencement Web et positionnement Google.","robots":{"index":"index","follow":"follow","max-snippet":"max-snippet:-1","max-image-preview":"max-image-preview:large","max-video-preview":"max-video-preview:-1"},"canonical":"https:\/\/www.innomatiques.com\/seo\/referencement-internet\/","og_locale":"fr_FR","og_type":"article","og_title":"R\u00e9f\u00e9rencement Web Montr\u00e9al, Positionnement Google - Innomatiques","og_description":"Le r\u00e9f\u00e9rencement Web ou Internet est bas\u00e9 sur le m\u00eame principe que le bouche \u00e0 oreille. Strat\u00e9gies de r\u00e9f\u00e9rencement Web et positionnement Google.","og_url":"https:\/\/www.innomatiques.com\/seo\/referencement-internet\/","og_site_name":"Innomatiques Agence Web","article_modified_time":"2018-10-15T22:44:44+00:00","og_image":[{"width":2048,"height":465,"url":"https:\/\/www.innomatiques.com\/seo\/wp-content\/uploads\/2015\/09\/referencement1.jpg","type":"image\/jpeg"}],"twitter_card":"summary_large_image","twitter_misc":{"Dur\u00e9e de lecture estim\u00e9e":"5 minutes"},"schema":{"@context":"https:\/\/schema.org","@graph":[{"@type":"WebPage","@id":"https:\/\/www.innomatiques.com\/seo\/referencement-internet\/","url":"https:\/\/www.innomatiques.com\/seo\/referencement-internet\/","name":"R\u00e9f\u00e9rencement Web Montr\u00e9al, Positionnement Google - Innomatiques","isPartOf":{"@id":"https:\/\/www.innomatiques.com\/seo\/#website"},"primaryImageOfPage":{"@id":"https:\/\/www.innomatiques.com\/seo\/referencement-internet\/#primaryimage"},"image":{"@id":"https:\/\/www.innomatiques.com\/seo\/referencement-internet\/#primaryimage"},"thumbnailUrl":"https:\/\/www.innomatiques.com\/seo\/wp-content\/uploads\/2015\/09\/referencement1.jpg","datePublished":"2015-09-23T15:09:39+00:00","dateModified":"2018-10-15T22:44:44+00:00","description":"Le r\u00e9f\u00e9rencement Web ou Internet est bas\u00e9 sur le m\u00eame principe que le bouche \u00e0 oreille. Strat\u00e9gies de r\u00e9f\u00e9rencement Web et positionnement Google.","breadcrumb":{"@id":"https:\/\/www.innomatiques.com\/seo\/referencement-internet\/#breadcrumb"},"inLanguage":"fr-FR","potentialAction":[{"@type":"ReadAction","target":["https:\/\/www.innomatiques.com\/seo\/referencement-internet\/"]}]},{"@type":"ImageObject","inLanguage":"fr-FR","@id":"https:\/\/www.innomatiques.com\/seo\/referencement-internet\/#primaryimage","url":"https:\/\/www.innomatiques.com\/seo\/wp-content\/uploads\/2015\/09\/referencement1.jpg","contentUrl":"https:\/\/www.innomatiques.com\/seo\/wp-content\/uploads\/2015\/09\/referencement1.jpg","width":2048,"height":465},{"@type":"BreadcrumbList","@id":"https:\/\/www.innomatiques.com\/seo\/referencement-internet\/#breadcrumb","itemListElement":[{"@type":"ListItem","position":1,"name":"Accueil","item":"https:\/\/www.innomatiques.com\/seo\/"},{"@type":"ListItem","position":2,"name":"R\u00e9f\u00e9rencement Web"}]},{"@type":"WebSite","@id":"https:\/\/www.innomatiques.com\/seo\/#website","url":"https:\/\/www.innomatiques.com\/seo\/","name":"Innomatiques Agence Web","description":"","potentialAction":[{"@type":"SearchAction","target":{"@type":"EntryPoint","urlTemplate":"https:\/\/www.innomatiques.com\/seo\/?s={search_term_string}"},"query-input":{"@type":"PropertyValueSpecification","valueRequired":true,"valueName":"search_term_string"}}],"inLanguage":"fr-FR"},false]}},"yasr_visitor_votes":{"stars_attributes":{"read_only":false,"span_bottom":false},"number_of_votes":0,"sum_votes":0},"_links":{"self":[{"href":"https:\/\/www.innomatiques.com\/seo\/wp-json\/wp\/v2\/pages\/4163","targetHints":{"allow":["GET"]}}],"collection":[{"href":"https:\/\/www.innomatiques.com\/seo\/wp-json\/wp\/v2\/pages"}],"about":[{"href":"https:\/\/www.innomatiques.com\/seo\/wp-json\/wp\/v2\/types\/page"}],"author":[{"embeddable":true,"href":"https:\/\/www.innomatiques.com\/seo\/wp-json\/wp\/v2\/users\/1"}],"replies":[{"embeddable":true,"href":"https:\/\/www.innomatiques.com\/seo\/wp-json\/wp\/v2\/comments?post=4163"}],"version-history":[{"count":16,"href":"https:\/\/www.innomatiques.com\/seo\/wp-json\/wp\/v2\/pages\/4163\/revisions"}],"predecessor-version":[{"id":5112,"href":"https:\/\/www.innomatiques.com\/seo\/wp-json\/wp\/v2\/pages\/4163\/revisions\/5112"}],"wp:featuredmedia":[{"embeddable":true,"href":"https:\/\/www.innomatiques.com\/seo\/wp-json\/wp\/v2\/media\/4169"}],"wp:attachment":[{"href":"https:\/\/www.innomatiques.com\/seo\/wp-json\/wp\/v2\/media?parent=4163"}],"curies":[{"name":"wp","href":"https:\/\/api.w.org\/{rel}","templated":true}]}}